{"id":3459,"date":"2025-10-28T15:44:59","date_gmt":"2025-10-28T15:44:59","guid":{"rendered":"https:\/\/ltmstockholm.com\/?page_id=3459"},"modified":"2026-01-15T11:41:46","modified_gmt":"2026-01-15T11:41:46","slug":"solstickan-design","status":"publish","type":"page","link":"https:\/\/ltmstockholm.com\/en\/case-studies\/solstickan-design\/","title":{"rendered":"Solstickan Design"},"content":{"rendered":"<div data-elementor-type=\"wp-post\" data-elementor-id=\"3459\" class=\"elementor elementor-3459\" data-elementor-post-type=\"page\">\n\t\t\t\t<div class=\"elementor-element elementor-element-724a4f0 e-flex e-con-boxed e-con e-parent\" data-id=\"724a4f0\" data-element_type=\"container\" data-settings=\"{&quot;background_background&quot;:&quot;classic&quot;}\">\n\t\t\t\t\t<div class=\"e-con-inner\">\n\t\t<div class=\"elementor-element elementor-element-075ec1a e-con-full e-flex e-con e-child\" data-id=\"075ec1a\" data-element_type=\"container\">\n\t\t\t\t<div class=\"elementor-element elementor-element-61cabe4 elementor-widget elementor-widget-breadcrumbs\" data-id=\"61cabe4\" data-element_type=\"widget\" data-widget_type=\"breadcrumbs.default\">\n\t\t\t\t\t<p id=\"breadcrumbs\"><span><span><a href=\"https:\/\/ltmstockholm.com\/en\/\">Home<\/a><\/span><\/span><\/p>\t\t\t\t<\/div>\n\t\t\t\t<\/div>\n\t\t<div class=\"elementor-element elementor-element-d5a887f e-con-full e-flex e-con e-child\" data-id=\"d5a887f\" data-element_type=\"container\">\n\t\t\t\t<div class=\"elementor-element elementor-element-3bdee64 elementor-widget elementor-widget-heading\" data-id=\"3bdee64\" data-element_type=\"widget\" data-widget_type=\"heading.default\">\n\t\t\t\t\t<h1 class=\"elementor-heading-title elementor-size-default\">Solstickan Design, fr\u00e5n filmproduktion till framg\u00e5ngsrik annonsering! <\/h1>\t\t\t\t<\/div>\n\t\t\t\t<\/div>\n\t\t<div class=\"elementor-element elementor-element-671091c e-con-full e-flex e-con e-child\" data-id=\"671091c\" data-element_type=\"container\">\n\t\t\t\t<\/div>\n\t\t\t\t\t<\/div>\n\t\t\t\t<\/div>\n\t\t<div class=\"elementor-element elementor-element-5cee085 e-flex e-con-boxed e-con e-parent\" data-id=\"5cee085\" data-element_type=\"container\">\n\t\t\t\t\t<div class=\"e-con-inner\">\n\t\t<div class=\"elementor-element elementor-element-05153cb e-con-full e-flex e-con e-child\" data-id=\"05153cb\" data-element_type=\"container\">\n\t\t<div class=\"elementor-element elementor-element-9432158 e-con-full e-flex e-con e-child\" data-id=\"9432158\" data-element_type=\"container\">\n\t\t\t\t<div class=\"elementor-element elementor-element-450c69a elementor-widget elementor-widget-heading\" data-id=\"450c69a\" data-element_type=\"widget\" data-widget_type=\"heading.default\">\n\t\t\t\t\t<h2 class=\"elementor-heading-title elementor-size-default\">Uppdraget \n<\/h2>\t\t\t\t<\/div>\n\t\t\t\t<div class=\"elementor-element elementor-element-4eb5b13 elementor-widget elementor-widget-text-editor\" data-id=\"4eb5b13\" data-element_type=\"widget\" data-widget_type=\"text-editor.default\">\n\t\t\t\t\t\t\t\t\t<p><span style=\"font-weight: 400;\">Solstickan Design \u00e4r ett ikoniskt svenskt varum\u00e4rke som f\u00f6renar tidl\u00f6s design med funktionella vardagsprodukter f\u00f6r hemmet. Med r\u00f6tterna i det klassiska Solstickan-motivet har varum\u00e4rket vuxit till ett starkt livsstilskoncept med ett brett sortiment som omfattar allt fr\u00e5n inredning till eldst\u00e4der och g\u00e5voartiklar.<\/span><\/p><p>\u00a0<\/p><p><span style=\"font-weight: 400;\">Vi fick i uppdrag att utveckla r\u00f6rligt inneh\u00e5ll som b\u00e5de kunde f\u00f6rvalta Solstickans arv och samtidigt driva konvertering i digitala kanaler. Totalt har vi producerat \u00f6ver 30 filmer i olika format \u2013 anpassade f\u00f6r annonsering p\u00e5 Meta-plattformarna (Facebook &amp; Instagram) med ett tydligt m\u00e5l: maximal effekt.<\/span><\/p><p>\u00a0<\/p><p><b>Uppdraget i korthet:\u00a0<\/b><\/p><ul><li style=\"font-weight: 400;\" aria-level=\"1\"><span style=\"font-weight: 400;\">Filmproduktion &amp; r\u00f6rligt inneh\u00e5ll\u00a0<\/span><\/li><li style=\"font-weight: 400;\" aria-level=\"1\"><span style=\"font-weight: 400;\">Meta annonsering <\/span><\/li><\/ul>\t\t\t\t\t\t\t\t<\/div>\n\t\t\t\t<\/div>\n\t\t\t\t<\/div>\n\t\t\t\t\t<\/div>\n\t\t\t\t<\/div>\n\t\t<div class=\"elementor-element elementor-element-cfa2ea8 elementor-hidden-tablet elementor-hidden-mobile e-flex e-con-boxed e-con e-parent\" data-id=\"cfa2ea8\" data-element_type=\"container\">\n\t\t\t\t\t<div class=\"e-con-inner\">\n\t\t<div class=\"elementor-element elementor-element-15ddbac e-con-full e-flex e-con e-child\" data-id=\"15ddbac\" data-element_type=\"container\">\n\t\t\t\t<div class=\"elementor-element elementor-element-b7bac30 elementor-widget elementor-widget-heading\" data-id=\"b7bac30\" data-element_type=\"widget\" data-widget_type=\"heading.default\">\n\t\t\t\t\t<h3 class=\"elementor-heading-title elementor-size-default\">Kund<\/h3>\t\t\t\t<\/div>\n\t\t\t\t<div class=\"elementor-element elementor-element-d12446d elementor-widget elementor-widget-text-editor\" data-id=\"d12446d\" data-element_type=\"widget\" data-widget_type=\"text-editor.default\">\n\t\t\t\t\t\t\t\t\t<p>Solstickan Design<\/p>\t\t\t\t\t\t\t\t<\/div>\n\t\t\t\t<\/div>\n\t\t<div class=\"elementor-element elementor-element-6a57256 e-con-full e-flex e-con e-child\" data-id=\"6a57256\" data-element_type=\"container\">\n\t\t\t\t<div class=\"elementor-element elementor-element-54bd15d elementor-widget elementor-widget-heading\" data-id=\"54bd15d\" data-element_type=\"widget\" data-widget_type=\"heading.default\">\n\t\t\t\t\t<h3 class=\"elementor-heading-title elementor-size-default\">Bransch<\/h3>\t\t\t\t<\/div>\n\t\t\t\t<div class=\"elementor-element elementor-element-fbe7118 elementor-widget elementor-widget-text-editor\" data-id=\"fbe7118\" data-element_type=\"widget\" data-widget_type=\"text-editor.default\">\n\t\t\t\t\t\t\t\t\t<p>Design<\/p>\t\t\t\t\t\t\t\t<\/div>\n\t\t\t\t<\/div>\n\t\t<div class=\"elementor-element elementor-element-c53b046 e-con-full e-flex e-con e-child\" data-id=\"c53b046\" data-element_type=\"container\">\n\t\t\t\t<div class=\"elementor-element elementor-element-24b7778 elementor-widget elementor-widget-heading\" data-id=\"24b7778\" data-element_type=\"widget\" data-widget_type=\"heading.default\">\n\t\t\t\t\t<h3 class=\"elementor-heading-title elementor-size-default\">Typ<\/h3>\t\t\t\t<\/div>\n\t\t\t\t<div class=\"elementor-element elementor-element-314107a elementor-widget elementor-widget-text-editor\" data-id=\"314107a\" data-element_type=\"widget\" data-widget_type=\"text-editor.default\">\n\t\t\t\t\t\t\t\t\t<p>B2C<\/p>\t\t\t\t\t\t\t\t<\/div>\n\t\t\t\t<\/div>\n\t\t<div class=\"elementor-element elementor-element-8dac5c2 e-con-full e-flex e-con e-child\" data-id=\"8dac5c2\" data-element_type=\"container\">\n\t\t\t\t<div class=\"elementor-element elementor-element-3c0f27a elementor-widget elementor-widget-heading\" data-id=\"3c0f27a\" data-element_type=\"widget\" data-widget_type=\"heading.default\">\n\t\t\t\t\t<h3 class=\"elementor-heading-title elementor-size-default\">Tj\u00e4nster<\/h3>\t\t\t\t<\/div>\n\t\t\t\t<div class=\"elementor-element elementor-element-d5c6dec elementor-widget elementor-widget-text-editor\" data-id=\"d5c6dec\" data-element_type=\"widget\" data-widget_type=\"text-editor.default\">\n\t\t\t\t\t\t\t\t\t<p>Advertising<\/p>\t\t\t\t\t\t\t\t<\/div>\n\t\t\t\t<\/div>\n\t\t\t\t\t<\/div>\n\t\t\t\t<\/div>\n\t\t<div class=\"elementor-element elementor-element-cef88c0 elementor-hidden-desktop e-flex e-con-boxed e-con e-parent\" data-id=\"cef88c0\" data-element_type=\"container\">\n\t\t\t\t\t<div class=\"e-con-inner\">\n\t\t<div class=\"elementor-element elementor-element-07f3026 e-con-full e-flex e-con e-child\" data-id=\"07f3026\" data-element_type=\"container\">\n\t\t<div class=\"elementor-element elementor-element-1dd0f81 e-con-full e-flex e-con e-child\" data-id=\"1dd0f81\" data-element_type=\"container\">\n\t\t\t\t<div class=\"elementor-element elementor-element-f1a542e elementor-widget elementor-widget-heading\" data-id=\"f1a542e\" data-element_type=\"widget\" data-widget_type=\"heading.default\">\n\t\t\t\t\t<h3 class=\"elementor-heading-title elementor-size-default\">Kund<\/h3>\t\t\t\t<\/div>\n\t\t\t\t<div class=\"elementor-element elementor-element-7047413 elementor-widget elementor-widget-text-editor\" data-id=\"7047413\" data-element_type=\"widget\" data-widget_type=\"text-editor.default\">\n\t\t\t\t\t\t\t\t\t<p>Solstickan Design<\/p>\t\t\t\t\t\t\t\t<\/div>\n\t\t\t\t<\/div>\n\t\t<div class=\"elementor-element elementor-element-4682875 e-con-full e-flex e-con e-child\" data-id=\"4682875\" data-element_type=\"container\">\n\t\t\t\t<div class=\"elementor-element elementor-element-c9dd037 elementor-widget elementor-widget-heading\" data-id=\"c9dd037\" data-element_type=\"widget\" data-widget_type=\"heading.default\">\n\t\t\t\t\t<h3 class=\"elementor-heading-title elementor-size-default\">Bransch<\/h3>\t\t\t\t<\/div>\n\t\t\t\t<div class=\"elementor-element elementor-element-6b8a71c elementor-widget elementor-widget-text-editor\" data-id=\"6b8a71c\" data-element_type=\"widget\" data-widget_type=\"text-editor.default\">\n\t\t\t\t\t\t\t\t\t<p>Design<\/p>\t\t\t\t\t\t\t\t<\/div>\n\t\t\t\t<\/div>\n\t\t\t\t<\/div>\n\t\t<div class=\"elementor-element elementor-element-cdded58 e-con-full e-flex e-con e-child\" data-id=\"cdded58\" data-element_type=\"container\">\n\t\t<div class=\"elementor-element elementor-element-278d427 e-con-full e-flex e-con e-child\" data-id=\"278d427\" data-element_type=\"container\">\n\t\t\t\t<div class=\"elementor-element elementor-element-9e5dfee elementor-widget elementor-widget-heading\" data-id=\"9e5dfee\" data-element_type=\"widget\" data-widget_type=\"heading.default\">\n\t\t\t\t\t<h3 class=\"elementor-heading-title elementor-size-default\">Typ<\/h3>\t\t\t\t<\/div>\n\t\t\t\t<div class=\"elementor-element elementor-element-222c013 elementor-widget elementor-widget-text-editor\" data-id=\"222c013\" data-element_type=\"widget\" data-widget_type=\"text-editor.default\">\n\t\t\t\t\t\t\t\t\t<p>B2C<\/p>\t\t\t\t\t\t\t\t<\/div>\n\t\t\t\t<\/div>\n\t\t<div class=\"elementor-element elementor-element-3b76d04 e-con-full e-flex e-con e-child\" data-id=\"3b76d04\" data-element_type=\"container\">\n\t\t\t\t<div class=\"elementor-element elementor-element-43a382c elementor-widget elementor-widget-heading\" data-id=\"43a382c\" data-element_type=\"widget\" data-widget_type=\"heading.default\">\n\t\t\t\t\t<h3 class=\"elementor-heading-title elementor-size-default\">Tj\u00e4nster<\/h3>\t\t\t\t<\/div>\n\t\t\t\t<div class=\"elementor-element elementor-element-7c434a0 elementor-widget elementor-widget-text-editor\" data-id=\"7c434a0\" data-element_type=\"widget\" data-widget_type=\"text-editor.default\">\n\t\t\t\t\t\t\t\t\t<p>Advertising<\/p>\t\t\t\t\t\t\t\t<\/div>\n\t\t\t\t<\/div>\n\t\t\t\t<\/div>\n\t\t\t\t\t<\/div>\n\t\t\t\t<\/div>\n\t\t<div class=\"elementor-element elementor-element-4857217 e-flex e-con-boxed e-con e-parent\" data-id=\"4857217\" data-element_type=\"container\" data-settings=\"{&quot;background_background&quot;:&quot;classic&quot;}\">\n\t\t\t\t\t<div class=\"e-con-inner\">\n\t\t<div class=\"elementor-element elementor-element-ace175e e-con-full e-flex e-con e-child\" data-id=\"ace175e\" data-element_type=\"container\">\n\t\t<div class=\"elementor-element elementor-element-dd25d8c e-con-full e-flex e-con e-child\" data-id=\"dd25d8c\" data-element_type=\"container\">\n\t\t\t\t<div class=\"elementor-element elementor-element-1eccdad elementor-widget elementor-widget-heading\" data-id=\"1eccdad\" data-element_type=\"widget\" data-widget_type=\"heading.default\">\n\t\t\t\t\t<h2 class=\"elementor-heading-title elementor-size-default\">Filmproduktion <\/h2>\t\t\t\t<\/div>\n\t\t\t\t<div class=\"elementor-element elementor-element-6d156b5 elementor-widget elementor-widget-text-editor\" data-id=\"6d156b5\" data-element_type=\"widget\" data-widget_type=\"text-editor.default\">\n\t\t\t\t\t\t\t\t\t<p><span style=\"font-weight: 400;\">Vi producerade kampanjfilmer d\u00e4r Solstickans produkter presenterades i noggrant utvalda milj\u00f6er. Filmerna lyfter fram b\u00e5de form och funktion, med fokus p\u00e5 detaljer och anv\u00e4ndning i vardagen, samtidigt som det visuella uttrycket f\u00f6rh\u00e5ller sig troget varum\u00e4rkets stilrena estetik.<\/span><\/p>\t\t\t\t\t\t\t\t<\/div>\n\t\t\t\t<\/div>\n\t\t\t\t<\/div>\n\t\t\t\t\t<\/div>\n\t\t\t\t<\/div>\n\t\t<div class=\"elementor-element elementor-element-6d615b4 e-flex e-con-boxed e-con e-child\" data-id=\"6d615b4\" data-element_type=\"container\" data-settings=\"{&quot;background_background&quot;:&quot;classic&quot;}\">\n\t\t\t\t\t<div class=\"e-con-inner\">\n\t\t<div class=\"elementor-element elementor-element-1821818 e-con-full e-flex e-con e-child\" data-id=\"1821818\" data-element_type=\"container\">\n\t\t\t\t<div class=\"elementor-element elementor-element-ab132fb elementor-widget elementor-widget-heading\" data-id=\"ab132fb\" data-element_type=\"widget\" data-widget_type=\"heading.default\">\n\t\t\t\t\t<h2 class=\"elementor-heading-title elementor-size-default\">Annonsering p\u00e5 Meta <\/h2>\t\t\t\t<\/div>\n\t\t\t\t<div class=\"elementor-element elementor-element-8dc7aa7 elementor-widget elementor-widget-text-editor\" data-id=\"8dc7aa7\" data-element_type=\"widget\" data-widget_type=\"text-editor.default\">\n\t\t\t\t\t\t\t\t\t<p><span style=\"font-weight: 400;\">Filmerna anv\u00e4ndes som centralt inneh\u00e5ll i en skr\u00e4ddarsydd kampanjstrategi. Genom att kombinera kreativ produktion med m\u00e5lgruppsanalys och datadriven optimering skapade vi annonser som engagerade och konverterade. <\/span><\/p>\t\t\t\t\t\t\t\t<\/div>\n\t\t\t\t<div class=\"elementor-element elementor-element-f148174 elementor-widget elementor-widget-heading\" data-id=\"f148174\" data-element_type=\"widget\" data-widget_type=\"heading.default\">\n\t\t\t\t\t<h2 class=\"elementor-heading-title elementor-size-default\">Resultatet<\/h2>\t\t\t\t<\/div>\n\t\t\t\t<div class=\"elementor-element elementor-element-b353f28 elementor-widget elementor-widget-text-editor\" data-id=\"b353f28\" data-element_type=\"widget\" data-widget_type=\"text-editor.default\">\n\t\t\t\t\t\t\t\t\t<p><span style=\"font-weight: 400;\">Det n\u00e4ra samarbetet med Solstickan Design har resulterat i inneh\u00e5ll som b\u00e5de bygger varum\u00e4rke och driver f\u00f6rs\u00e4ljning. Annonserna har kontinuerligt genererat \u00f6ver 15x i ROAS, vilket visar effekten av en datadriven strategi i kombination med stark varum\u00e4rkesk\u00e4nnedom. <\/span><\/p>\t\t\t\t\t\t\t\t<\/div>\n\t\t\t\t<\/div>\n\t\t\t\t\t<\/div>\n\t\t\t\t<\/div>\n\t\t\t\t<\/div>","protected":false},"excerpt":{"rendered":"<p>Solstickan Design, fr\u00e5n filmproduktion till framg\u00e5ngsrik annonsering! Uppdraget Solstickan Design \u00e4r ett ikoniskt svenskt varum\u00e4rke som f\u00f6renar tidl\u00f6s design med funktionella vardagsprodukter f\u00f6r hemmet. Med r\u00f6tterna i det klassiska Solstickan-motivet har varum\u00e4rket vuxit till ett starkt livsstilskoncept med ett brett sortiment som omfattar allt fr\u00e5n inredning till eldst\u00e4der och g\u00e5voartiklar. \u00a0 Vi fick i uppdrag [&hellip;]<\/p>","protected":false},"author":1,"featured_media":0,"parent":229,"menu_order":0,"comment_status":"closed","ping_status":"closed","template":"","meta":{"footnotes":""},"class_list":["post-3459","page","type-page","status-publish","hentry"],"yoast_head":"<!-- This site is optimized with the Yoast SEO plugin v26.2 - https:\/\/yoast.com\/wordpress\/plugins\/seo\/ -->\n<title>Solstickan Design - ltmstockholm.com<\/title>\n<meta name=\"robots\" content=\"index, follow, max-snippet:-1, max-image-preview:large, max-video-preview:-1\" \/>\n<link rel=\"canonical\" href=\"https:\/\/ltmstockholm.com\/en\/case-studies\/solstickan-design\/\" \/>\n<meta property=\"og:locale\" content=\"en_US\" \/>\n<meta property=\"og:type\" content=\"article\" \/>\n<meta property=\"og:title\" content=\"Solstickan Design - ltmstockholm.com\" \/>\n<meta property=\"og:description\" content=\"Solstickan Design, fr\u00e5n filmproduktion till framg\u00e5ngsrik annonsering! Uppdraget Solstickan Design \u00e4r ett ikoniskt svenskt varum\u00e4rke som f\u00f6renar tidl\u00f6s design med funktionella vardagsprodukter f\u00f6r hemmet. Med r\u00f6tterna i det klassiska Solstickan-motivet har varum\u00e4rket vuxit till ett starkt livsstilskoncept med ett brett sortiment som omfattar allt fr\u00e5n inredning till eldst\u00e4der och g\u00e5voartiklar. \u00a0 Vi fick i uppdrag [&hellip;]\" \/>\n<meta property=\"og:url\" content=\"https:\/\/ltmstockholm.com\/en\/case-studies\/solstickan-design\/\" \/>\n<meta property=\"og:site_name\" content=\"ltmstockholm.com\" \/>\n<meta property=\"article:publisher\" content=\"https:\/\/www.facebook.com\/ltmstockholm\/\" \/>\n<meta property=\"article:modified_time\" content=\"2026-01-15T11:41:46+00:00\" \/>\n<meta property=\"og:image\" content=\"https:\/\/ltmstockholm.com\/wp-content\/uploads\/2025\/10\/cropped-Namnlos-design-15.png\" \/>\n\t<meta property=\"og:image:width\" content=\"512\" \/>\n\t<meta property=\"og:image:height\" content=\"512\" \/>\n\t<meta property=\"og:image:type\" content=\"image\/png\" \/>\n<meta name=\"twitter:card\" content=\"summary_large_image\" \/>\n<meta name=\"twitter:label1\" content=\"Est. reading time\" \/>\n\t<meta name=\"twitter:data1\" content=\"2 minutes\" \/>\n<script type=\"application\/ld+json\" class=\"yoast-schema-graph\">{\"@context\":\"https:\/\/schema.org\",\"@graph\":[{\"@type\":\"WebPage\",\"@id\":\"https:\/\/ltmstockholm.com\/case-studies\/solstickan-design\/\",\"url\":\"https:\/\/ltmstockholm.com\/case-studies\/solstickan-design\/\",\"name\":\"Solstickan Design - ltmstockholm.com\",\"isPartOf\":{\"@id\":\"https:\/\/ltmstockholm.com\/#website\"},\"datePublished\":\"2025-10-28T15:44:59+00:00\",\"dateModified\":\"2026-01-15T11:41:46+00:00\",\"breadcrumb\":{\"@id\":\"https:\/\/ltmstockholm.com\/case-studies\/solstickan-design\/#breadcrumb\"},\"inLanguage\":\"en-US\",\"potentialAction\":[{\"@type\":\"ReadAction\",\"target\":[\"https:\/\/ltmstockholm.com\/case-studies\/solstickan-design\/\"]}]},{\"@type\":\"BreadcrumbList\",\"@id\":\"https:\/\/ltmstockholm.com\/case-studies\/solstickan-design\/#breadcrumb\",\"itemListElement\":[{\"@type\":\"ListItem\",\"position\":1,\"name\":\"Home\",\"item\":\"https:\/\/ltmstockholm.com\/\"},{\"@type\":\"ListItem\",\"position\":2,\"name\":\"Case studies\",\"item\":\"https:\/\/ltmstockholm.com\/case-studies\/\"},{\"@type\":\"ListItem\",\"position\":3,\"name\":\"Solstickan Design\"}]},{\"@type\":\"WebSite\",\"@id\":\"https:\/\/ltmstockholm.com\/#website\",\"url\":\"https:\/\/ltmstockholm.com\/\",\"name\":\"ltmstockholm.com\",\"description\":\"Vissa kallar det tur, andra skicklighet men de flesta kallar oss LTM Stockholm\",\"publisher\":{\"@id\":\"https:\/\/ltmstockholm.com\/#organization\"},\"potentialAction\":[{\"@type\":\"SearchAction\",\"target\":{\"@type\":\"EntryPoint\",\"urlTemplate\":\"https:\/\/ltmstockholm.com\/?s={search_term_string}\"},\"query-input\":{\"@type\":\"PropertyValueSpecification\",\"valueRequired\":true,\"valueName\":\"search_term_string\"}}],\"inLanguage\":\"en-US\"},{\"@type\":\"Organization\",\"@id\":\"https:\/\/ltmstockholm.com\/#organization\",\"name\":\"ltmstockholm.com\",\"url\":\"https:\/\/ltmstockholm.com\/\",\"logo\":{\"@type\":\"ImageObject\",\"inLanguage\":\"en-US\",\"@id\":\"https:\/\/ltmstockholm.com\/#\/schema\/logo\/image\/\",\"url\":\"https:\/\/ltmstockholm.com\/wp-content\/uploads\/2025\/10\/cropped-Namnlos-design-15.png\",\"contentUrl\":\"https:\/\/ltmstockholm.com\/wp-content\/uploads\/2025\/10\/cropped-Namnlos-design-15.png\",\"width\":512,\"height\":512,\"caption\":\"ltmstockholm.com\"},\"image\":{\"@id\":\"https:\/\/ltmstockholm.com\/#\/schema\/logo\/image\/\"},\"sameAs\":[\"https:\/\/www.facebook.com\/ltmstockholm\/\",\"https:\/\/www.instagram.com\/ltmstockholm\/\"]}]}<\/script>\n<!-- \/ Yoast SEO plugin. -->","yoast_head_json":{"title":"Solstickan Design - ltmstockholm.com","robots":{"index":"index","follow":"follow","max-snippet":"max-snippet:-1","max-image-preview":"max-image-preview:large","max-video-preview":"max-video-preview:-1"},"canonical":"https:\/\/ltmstockholm.com\/en\/case-studies\/solstickan-design\/","og_locale":"en_US","og_type":"article","og_title":"Solstickan Design - ltmstockholm.com","og_description":"Solstickan Design, fr\u00e5n filmproduktion till framg\u00e5ngsrik annonsering! Uppdraget Solstickan Design \u00e4r ett ikoniskt svenskt varum\u00e4rke som f\u00f6renar tidl\u00f6s design med funktionella vardagsprodukter f\u00f6r hemmet. Med r\u00f6tterna i det klassiska Solstickan-motivet har varum\u00e4rket vuxit till ett starkt livsstilskoncept med ett brett sortiment som omfattar allt fr\u00e5n inredning till eldst\u00e4der och g\u00e5voartiklar. \u00a0 Vi fick i uppdrag [&hellip;]","og_url":"https:\/\/ltmstockholm.com\/en\/case-studies\/solstickan-design\/","og_site_name":"ltmstockholm.com","article_publisher":"https:\/\/www.facebook.com\/ltmstockholm\/","article_modified_time":"2026-01-15T11:41:46+00:00","og_image":[{"width":512,"height":512,"url":"https:\/\/ltmstockholm.com\/wp-content\/uploads\/2025\/10\/cropped-Namnlos-design-15.png","type":"image\/png"}],"twitter_card":"summary_large_image","twitter_misc":{"Est. reading time":"2 minutes"},"schema":{"@context":"https:\/\/schema.org","@graph":[{"@type":"WebPage","@id":"https:\/\/ltmstockholm.com\/case-studies\/solstickan-design\/","url":"https:\/\/ltmstockholm.com\/case-studies\/solstickan-design\/","name":"Solstickan Design - ltmstockholm.com","isPartOf":{"@id":"https:\/\/ltmstockholm.com\/#website"},"datePublished":"2025-10-28T15:44:59+00:00","dateModified":"2026-01-15T11:41:46+00:00","breadcrumb":{"@id":"https:\/\/ltmstockholm.com\/case-studies\/solstickan-design\/#breadcrumb"},"inLanguage":"en-US","potentialAction":[{"@type":"ReadAction","target":["https:\/\/ltmstockholm.com\/case-studies\/solstickan-design\/"]}]},{"@type":"BreadcrumbList","@id":"https:\/\/ltmstockholm.com\/case-studies\/solstickan-design\/#breadcrumb","itemListElement":[{"@type":"ListItem","position":1,"name":"Home","item":"https:\/\/ltmstockholm.com\/"},{"@type":"ListItem","position":2,"name":"Case studies","item":"https:\/\/ltmstockholm.com\/case-studies\/"},{"@type":"ListItem","position":3,"name":"Solstickan Design"}]},{"@type":"WebSite","@id":"https:\/\/ltmstockholm.com\/#website","url":"https:\/\/ltmstockholm.com\/","name":"ltmstockholm.com","description":"Vissa kallar det tur, andra skicklighet men de flesta kallar oss LTM Stockholm","publisher":{"@id":"https:\/\/ltmstockholm.com\/#organization"},"potentialAction":[{"@type":"SearchAction","target":{"@type":"EntryPoint","urlTemplate":"https:\/\/ltmstockholm.com\/?s={search_term_string}"},"query-input":{"@type":"PropertyValueSpecification","valueRequired":true,"valueName":"search_term_string"}}],"inLanguage":"en-US"},{"@type":"Organization","@id":"https:\/\/ltmstockholm.com\/#organization","name":"ltmstockholm.com","url":"https:\/\/ltmstockholm.com\/","logo":{"@type":"ImageObject","inLanguage":"en-US","@id":"https:\/\/ltmstockholm.com\/#\/schema\/logo\/image\/","url":"https:\/\/ltmstockholm.com\/wp-content\/uploads\/2025\/10\/cropped-Namnlos-design-15.png","contentUrl":"https:\/\/ltmstockholm.com\/wp-content\/uploads\/2025\/10\/cropped-Namnlos-design-15.png","width":512,"height":512,"caption":"ltmstockholm.com"},"image":{"@id":"https:\/\/ltmstockholm.com\/#\/schema\/logo\/image\/"},"sameAs":["https:\/\/www.facebook.com\/ltmstockholm\/","https:\/\/www.instagram.com\/ltmstockholm\/"]}]}},"_links":{"self":[{"href":"https:\/\/ltmstockholm.com\/en\/wp-json\/wp\/v2\/pages\/3459","targetHints":{"allow":["GET"]}}],"collection":[{"href":"https:\/\/ltmstockholm.com\/en\/wp-json\/wp\/v2\/pages"}],"about":[{"href":"https:\/\/ltmstockholm.com\/en\/wp-json\/wp\/v2\/types\/page"}],"author":[{"embeddable":true,"href":"https:\/\/ltmstockholm.com\/en\/wp-json\/wp\/v2\/users\/1"}],"replies":[{"embeddable":true,"href":"https:\/\/ltmstockholm.com\/en\/wp-json\/wp\/v2\/comments?post=3459"}],"version-history":[{"count":40,"href":"https:\/\/ltmstockholm.com\/en\/wp-json\/wp\/v2\/pages\/3459\/revisions"}],"predecessor-version":[{"id":5742,"href":"https:\/\/ltmstockholm.com\/en\/wp-json\/wp\/v2\/pages\/3459\/revisions\/5742"}],"up":[{"embeddable":true,"href":"https:\/\/ltmstockholm.com\/en\/wp-json\/wp\/v2\/pages\/229"}],"wp:attachment":[{"href":"https:\/\/ltmstockholm.com\/en\/wp-json\/wp\/v2\/media?parent=3459"}],"curies":[{"name":"wp","href":"https:\/\/api.w.org\/{rel}","templated":true}]}}