{"id":231,"date":"2025-08-20T12:39:14","date_gmt":"2025-08-20T12:39:14","guid":{"rendered":"https:\/\/ltmstockholm.com\/?page_id=231"},"modified":"2025-12-18T09:44:10","modified_gmt":"2025-12-18T09:44:10","slug":"karriar","status":"publish","type":"page","link":"https:\/\/ltmstockholm.com\/en\/karriar\/","title":{"rendered":"Career"},"content":{"rendered":"<div data-elementor-type=\"wp-post\" data-elementor-id=\"231\" class=\"elementor elementor-231\" data-elementor-post-type=\"page\">\n\t\t\t\t<div class=\"elementor-element elementor-element-724a4f0 e-flex e-con-boxed e-con e-parent\" data-id=\"724a4f0\" data-element_type=\"container\" data-settings=\"{&quot;background_background&quot;:&quot;classic&quot;}\">\n\t\t\t\t\t<div class=\"e-con-inner\">\n\t\t<div class=\"elementor-element elementor-element-075ec1a e-con-full e-flex e-con e-child\" data-id=\"075ec1a\" data-element_type=\"container\">\n\t\t\t\t<div class=\"elementor-element elementor-element-1c18a67 elementor-widget elementor-widget-heading\" data-id=\"1c18a67\" data-element_type=\"widget\" data-widget_type=\"heading.default\">\n\t\t\t\t\t<h2 class=\"elementor-heading-title elementor-size-default\">Work with us<\/h2>\t\t\t\t<\/div>\n\t\t\t\t<div class=\"elementor-element elementor-element-ffab2bc elementor-widget__width-initial elementor-widget elementor-widget-text-editor\" data-id=\"ffab2bc\" data-element_type=\"widget\" data-widget_type=\"text-editor.default\">\n\t\t\t\t\t\t\t\t\t<p>For us, it's not just about what we do, but how we do it! Do you want to be part of a team that is passionate about creating results and developing together?\u00a0<\/p>\t\t\t\t\t\t\t\t<\/div>\n\t\t<div class=\"elementor-element elementor-element-838e86c e-con-full e-flex e-con e-child\" data-id=\"838e86c\" data-element_type=\"container\">\n\t\t\t\t<div class=\"elementor-element elementor-element-682f762 elementor-align-center elementor-widget__width-auto hover-fill-herobtn elementor-widget elementor-widget-button\" data-id=\"682f762\" data-element_type=\"widget\" data-widget_type=\"button.default\">\n\t\t\t\t\t\t\t\t\t\t<a class=\"elementor-button elementor-button-link elementor-size-sm\" href=\"#praktik\">\n\t\t\t\t\t\t<span class=\"elementor-button-content-wrapper\">\n\t\t\t\t\t\t\t\t\t<span class=\"elementor-button-text\">Internship<\/span>\n\t\t\t\t\t<\/span>\n\t\t\t\t\t<\/a>\n\t\t\t\t\t\t\t\t<\/div>\n\t\t\t\t<div class=\"elementor-element elementor-element-88d33cc elementor-align-center elementor-widget__width-auto hover-fill-port elementor-widget elementor-widget-button\" data-id=\"88d33cc\" data-element_type=\"widget\" id=\"spontanansokan\" data-widget_type=\"button.default\">\n\t\t\t\t\t\t\t\t\t\t<a class=\"elementor-button elementor-button-link elementor-size-sm\" href=\"#spontanansokan\">\n\t\t\t\t\t\t<span class=\"elementor-button-content-wrapper\">\n\t\t\t\t\t\t\t\t\t<span class=\"elementor-button-text\">Spontaneous application<\/span>\n\t\t\t\t\t<\/span>\n\t\t\t\t\t<\/a>\n\t\t\t\t\t\t\t\t<\/div>\n\t\t\t\t<\/div>\n\t\t\t\t<\/div>\n\t\t\t\t\t<\/div>\n\t\t\t\t<\/div>\n\t\t<div class=\"elementor-element elementor-element-5cee085 e-flex e-con-boxed e-con e-parent\" data-id=\"5cee085\" data-element_type=\"container\">\n\t\t\t\t\t<div class=\"e-con-inner\">\n\t\t<div class=\"elementor-element elementor-element-05153cb e-con-full e-flex e-con e-child\" data-id=\"05153cb\" data-element_type=\"container\">\n\t\t<div class=\"elementor-element elementor-element-9432158 e-con-full e-flex e-con e-child\" data-id=\"9432158\" data-element_type=\"container\">\n\t\t\t\t<div class=\"elementor-element elementor-element-450c69a elementor-widget-mobile__width-inherit elementor-widget elementor-widget-heading\" data-id=\"450c69a\" data-element_type=\"widget\" data-widget_type=\"heading.default\">\n\t\t\t\t\t<h2 class=\"elementor-heading-title elementor-size-default\">Working at LTM Stockholm is about wanting a little more. <\/h2>\t\t\t\t<\/div>\n\t\t\t\t<div class=\"elementor-element elementor-element-4eb5b13 elementor-widget-mobile__width-inherit elementor-widget elementor-widget-text-editor\" data-id=\"4eb5b13\" data-element_type=\"widget\" data-widget_type=\"text-editor.default\">\n\t\t\t\t\t\t\t\t\t<p><span style=\"font-weight: 400;\">We bring together people with ideas, pace and drive. We test, challenge and develop, both in projects and as a team. We are always looking for people who want to grow, take their place and contribute something of their own. Whether you are a developer, creator, photographer or strategist, you have the right attitude, we will find the place for you.\u00a0<\/span><\/p><p><span style=\"font-weight: 400;\">Check out our vacancies or submit a spontaneous application.<\/span><\/p>\t\t\t\t\t\t\t\t<\/div>\n\t\t\t\t<div class=\"elementor-element elementor-element-c06e5ee elementor-align-center elementor-widget__width-auto hover-fill elementor-widget elementor-widget-button\" data-id=\"c06e5ee\" data-element_type=\"widget\" id=\"praktik\" data-widget_type=\"button.default\">\n\t\t\t\t\t\t\t\t\t\t<a class=\"elementor-button elementor-button-link elementor-size-sm\" href=\"mailto:info@ltmstockholm.com\">\n\t\t\t\t\t\t<span class=\"elementor-button-content-wrapper\">\n\t\t\t\t\t\t\t\t\t<span class=\"elementor-button-text\">Send a spontaneous application <\/span>\n\t\t\t\t\t<\/span>\n\t\t\t\t\t<\/a>\n\t\t\t\t\t\t\t\t<\/div>\n\t\t\t\t<\/div>\n\t\t<div class=\"elementor-element elementor-element-e25feb8 e-con-full e-flex e-con e-child\" data-id=\"e25feb8\" data-element_type=\"container\" data-settings=\"{&quot;background_background&quot;:&quot;classic&quot;}\">\n\t\t\t\t<\/div>\n\t\t\t\t<\/div>\n\t\t\t\t\t<\/div>\n\t\t\t\t<\/div>\n\t\t<div class=\"elementor-element elementor-element-4857217 e-flex e-con-boxed e-con e-parent\" data-id=\"4857217\" data-element_type=\"container\" data-settings=\"{&quot;background_background&quot;:&quot;classic&quot;}\">\n\t\t\t\t\t<div class=\"e-con-inner\">\n\t\t<div class=\"elementor-element elementor-element-ace175e e-con-full e-flex e-con e-child\" data-id=\"ace175e\" data-element_type=\"container\">\n\t\t<div class=\"elementor-element elementor-element-dd25d8c e-con-full e-flex e-con e-child\" data-id=\"dd25d8c\" data-element_type=\"container\">\n\t\t\t\t<div class=\"elementor-element elementor-element-1eccdad elementor-widget elementor-widget-heading\" data-id=\"1eccdad\" data-element_type=\"widget\" data-widget_type=\"heading.default\">\n\t\t\t\t\t<h2 class=\"elementor-heading-title elementor-size-default\">Internship with us<\/h2>\t\t\t\t<\/div>\n\t\t\t\t<div class=\"elementor-element elementor-element-6d156b5 elementor-widget elementor-widget-text-editor\" data-id=\"6d156b5\" data-element_type=\"widget\" data-widget_type=\"text-editor.default\">\n\t\t\t\t\t\t\t\t\t<p><span style=\"font-weight: 400;\">Ready to do more than just sit by? With us, you'll be part of the team from day one. As an intern, you'll get to work with real customers, contribute to projects, and develop your ideas in an environment where creativity and pace go hand in hand. <\/span><\/p>\t\t\t\t\t\t\t\t<\/div>\n\t\t\t\t<div class=\"elementor-element elementor-element-bda87f9 elementor-align-center elementor-widget__width-auto hover-fill elementor-widget elementor-widget-button\" data-id=\"bda87f9\" data-element_type=\"widget\" data-widget_type=\"button.default\">\n\t\t\t\t\t\t\t\t\t\t<a class=\"elementor-button elementor-button-link elementor-size-sm\" href=\"mailto:info@ltmstockholm.com\">\n\t\t\t\t\t\t<span class=\"elementor-button-content-wrapper\">\n\t\t\t\t\t\t\t\t\t<span class=\"elementor-button-text\">Search internship<\/span>\n\t\t\t\t\t<\/span>\n\t\t\t\t\t<\/a>\n\t\t\t\t\t\t\t\t<\/div>\n\t\t\t\t<\/div>\n\t\t<div class=\"elementor-element elementor-element-c0fae02 e-con-full e-flex e-con e-child\" data-id=\"c0fae02\" data-element_type=\"container\" data-settings=\"{&quot;background_background&quot;:&quot;classic&quot;}\">\n\t\t\t\t<\/div>\n\t\t\t\t<\/div>\n\t\t\t\t\t<\/div>\n\t\t\t\t<\/div>\n\t\t<div class=\"elementor-element elementor-element-de9a247 e-flex e-con-boxed e-con e-parent\" data-id=\"de9a247\" data-element_type=\"container\" data-settings=\"{&quot;background_background&quot;:&quot;classic&quot;}\">\n\t\t\t\t\t<div class=\"e-con-inner\">\n\t\t<div class=\"elementor-element elementor-element-d9d6f68 e-con-full e-flex e-con e-child\" data-id=\"d9d6f68\" data-element_type=\"container\">\n\t\t<div class=\"elementor-element elementor-element-3684ec6 e-con-full e-flex e-con e-child\" data-id=\"3684ec6\" data-element_type=\"container\">\n\t\t\t\t<div class=\"elementor-element elementor-element-c33ed65 elementor-widget elementor-widget-heading\" data-id=\"c33ed65\" data-element_type=\"widget\" data-widget_type=\"heading.default\">\n\t\t\t\t\t<h5 class=\"elementor-heading-title elementor-size-default\">YOUTUBE<\/h5>\t\t\t\t<\/div>\n\t\t\t\t<div class=\"elementor-element elementor-element-22e669a elementor-widget elementor-widget-heading\" data-id=\"22e669a\" data-element_type=\"widget\" data-widget_type=\"heading.default\">\n\t\t\t\t\t<h2 class=\"elementor-heading-title elementor-size-default\">Check out our latest Youtube video<\/h2>\t\t\t\t<\/div>\n\t\t<div class=\"elementor-element elementor-element-aafc195 e-con-full e-flex e-con e-child\" data-id=\"aafc195\" data-element_type=\"container\" data-settings=\"{&quot;background_background&quot;:&quot;classic&quot;}\">\n\t\t\t\t<div class=\"elementor-element elementor-element-28eb85f elementor-view-default elementor-widget elementor-widget-icon\" data-id=\"28eb85f\" data-element_type=\"widget\" data-widget_type=\"icon.default\">\n\t\t\t\t\t\t\t<div class=\"elementor-icon-wrapper\">\n\t\t\t<a class=\"elementor-icon\" href=\"https:\/\/www.youtube.com\/watch?v=dh-BWEvy2wE\" target=\"_blank\" rel=\"noopener\">\n\t\t\t<svg aria-hidden=\"true\" class=\"e-font-icon-svg e-fas-play-circle\" viewbox=\"0 0 512 512\" xmlns=\"http:\/\/www.w3.org\/2000\/svg\"><path d=\"M256 8C119 8 8 119 8 256s111 248 248 248 248-111 248-248S393 8 256 8zm115.7 272l-176 101c-15.8 8.8-35.7-2.5-35.7-21V152c0-18.4 19.8-29.8 35.7-21l176 107c16.4 9.2 16.4 32.9 0 42z\"><\/path><\/svg>\t\t\t<\/a>\n\t\t<\/div>\n\t\t\t\t\t\t<\/div>\n\t\t\t\t<\/div>\n\t\t\t\t<\/div>\n\t\t\t\t<\/div>\n\t\t\t\t\t<\/div>\n\t\t\t\t<\/div>\n\t\t\t\t<\/div>","protected":false},"excerpt":{"rendered":"<p>Jobba hos oss F\u00f6r oss handlar det inte bara om vad vi g\u00f6r, utan hur vi g\u00f6r det! Vill du bli en del av ett team som brinner f\u00f6r att skapa resultat och utvecklas tillsammans?\u00a0 Praktikplats Spontanans\u00f6kan Att jobba p\u00e5 LTM Stockholm handlar om att vilja lite mer. Hos oss samlas personer med id\u00e9er, tempo [&hellip;]<\/p>","protected":false},"author":1,"featured_media":0,"parent":0,"menu_order":0,"comment_status":"closed","ping_status":"closed","template":"","meta":{"footnotes":""},"class_list":["post-231","page","type-page","status-publish","hentry"],"yoast_head":"<!-- This site is optimized with the Yoast SEO plugin v26.2 - https:\/\/yoast.com\/wordpress\/plugins\/seo\/ -->\n<title>Karri\u00e4r - ltmstockholm.com<\/title>\n<meta name=\"robots\" content=\"index, follow, max-snippet:-1, max-image-preview:large, max-video-preview:-1\" \/>\n<link rel=\"canonical\" href=\"https:\/\/ltmstockholm.com\/en\/karriar\/\" \/>\n<meta property=\"og:locale\" content=\"en_US\" \/>\n<meta property=\"og:type\" content=\"article\" \/>\n<meta property=\"og:title\" content=\"Karri\u00e4r - ltmstockholm.com\" \/>\n<meta property=\"og:description\" content=\"Jobba hos oss F\u00f6r oss handlar det inte bara om vad vi g\u00f6r, utan hur vi g\u00f6r det! Vill du bli en del av ett team som brinner f\u00f6r att skapa resultat och utvecklas tillsammans?\u00a0 Praktikplats Spontanans\u00f6kan Att jobba p\u00e5 LTM Stockholm handlar om att vilja lite mer. Hos oss samlas personer med id\u00e9er, tempo [&hellip;]\" \/>\n<meta property=\"og:url\" content=\"https:\/\/ltmstockholm.com\/en\/karriar\/\" \/>\n<meta property=\"og:site_name\" content=\"ltmstockholm.com\" \/>\n<meta property=\"article:publisher\" content=\"https:\/\/www.facebook.com\/ltmstockholm\/\" \/>\n<meta property=\"article:modified_time\" content=\"2025-12-18T09:44:10+00:00\" \/>\n<meta property=\"og:image\" content=\"https:\/\/ltmstockholm.com\/wp-content\/uploads\/2025\/10\/cropped-Namnlos-design-15.png\" \/>\n\t<meta property=\"og:image:width\" content=\"512\" \/>\n\t<meta property=\"og:image:height\" content=\"512\" \/>\n\t<meta property=\"og:image:type\" content=\"image\/png\" \/>\n<meta name=\"twitter:card\" content=\"summary_large_image\" \/>\n<meta name=\"twitter:label1\" content=\"Est. reading time\" \/>\n\t<meta name=\"twitter:data1\" content=\"1 minute\" \/>\n<script type=\"application\/ld+json\" class=\"yoast-schema-graph\">{\"@context\":\"https:\/\/schema.org\",\"@graph\":[{\"@type\":\"WebPage\",\"@id\":\"https:\/\/ltmstockholm.com\/karriar\/\",\"url\":\"https:\/\/ltmstockholm.com\/karriar\/\",\"name\":\"Karri\u00e4r - ltmstockholm.com\",\"isPartOf\":{\"@id\":\"https:\/\/ltmstockholm.com\/#website\"},\"datePublished\":\"2025-08-20T12:39:14+00:00\",\"dateModified\":\"2025-12-18T09:44:10+00:00\",\"breadcrumb\":{\"@id\":\"https:\/\/ltmstockholm.com\/karriar\/#breadcrumb\"},\"inLanguage\":\"en-US\",\"potentialAction\":[{\"@type\":\"ReadAction\",\"target\":[\"https:\/\/ltmstockholm.com\/karriar\/\"]}]},{\"@type\":\"BreadcrumbList\",\"@id\":\"https:\/\/ltmstockholm.com\/karriar\/#breadcrumb\",\"itemListElement\":[{\"@type\":\"ListItem\",\"position\":1,\"name\":\"Home\",\"item\":\"https:\/\/ltmstockholm.com\/\"},{\"@type\":\"ListItem\",\"position\":2,\"name\":\"Karri\u00e4r\"}]},{\"@type\":\"WebSite\",\"@id\":\"https:\/\/ltmstockholm.com\/#website\",\"url\":\"https:\/\/ltmstockholm.com\/\",\"name\":\"ltmstockholm.com\",\"description\":\"Vissa kallar det tur, andra skicklighet men de flesta kallar oss LTM Stockholm\",\"publisher\":{\"@id\":\"https:\/\/ltmstockholm.com\/#organization\"},\"potentialAction\":[{\"@type\":\"SearchAction\",\"target\":{\"@type\":\"EntryPoint\",\"urlTemplate\":\"https:\/\/ltmstockholm.com\/?s={search_term_string}\"},\"query-input\":{\"@type\":\"PropertyValueSpecification\",\"valueRequired\":true,\"valueName\":\"search_term_string\"}}],\"inLanguage\":\"en-US\"},{\"@type\":\"Organization\",\"@id\":\"https:\/\/ltmstockholm.com\/#organization\",\"name\":\"ltmstockholm.com\",\"url\":\"https:\/\/ltmstockholm.com\/\",\"logo\":{\"@type\":\"ImageObject\",\"inLanguage\":\"en-US\",\"@id\":\"https:\/\/ltmstockholm.com\/#\/schema\/logo\/image\/\",\"url\":\"https:\/\/ltmstockholm.com\/wp-content\/uploads\/2025\/10\/cropped-Namnlos-design-15.png\",\"contentUrl\":\"https:\/\/ltmstockholm.com\/wp-content\/uploads\/2025\/10\/cropped-Namnlos-design-15.png\",\"width\":512,\"height\":512,\"caption\":\"ltmstockholm.com\"},\"image\":{\"@id\":\"https:\/\/ltmstockholm.com\/#\/schema\/logo\/image\/\"},\"sameAs\":[\"https:\/\/www.facebook.com\/ltmstockholm\/\",\"https:\/\/www.instagram.com\/ltmstockholm\/\"]}]}<\/script>\n<!-- \/ Yoast SEO plugin. -->","yoast_head_json":{"title":"Karri\u00e4r - ltmstockholm.com","robots":{"index":"index","follow":"follow","max-snippet":"max-snippet:-1","max-image-preview":"max-image-preview:large","max-video-preview":"max-video-preview:-1"},"canonical":"https:\/\/ltmstockholm.com\/en\/karriar\/","og_locale":"en_US","og_type":"article","og_title":"Karri\u00e4r - ltmstockholm.com","og_description":"Jobba hos oss F\u00f6r oss handlar det inte bara om vad vi g\u00f6r, utan hur vi g\u00f6r det! Vill du bli en del av ett team som brinner f\u00f6r att skapa resultat och utvecklas tillsammans?\u00a0 Praktikplats Spontanans\u00f6kan Att jobba p\u00e5 LTM Stockholm handlar om att vilja lite mer. Hos oss samlas personer med id\u00e9er, tempo [&hellip;]","og_url":"https:\/\/ltmstockholm.com\/en\/karriar\/","og_site_name":"ltmstockholm.com","article_publisher":"https:\/\/www.facebook.com\/ltmstockholm\/","article_modified_time":"2025-12-18T09:44:10+00:00","og_image":[{"width":512,"height":512,"url":"https:\/\/ltmstockholm.com\/wp-content\/uploads\/2025\/10\/cropped-Namnlos-design-15.png","type":"image\/png"}],"twitter_card":"summary_large_image","twitter_misc":{"Est. reading time":"1 minute"},"schema":{"@context":"https:\/\/schema.org","@graph":[{"@type":"WebPage","@id":"https:\/\/ltmstockholm.com\/karriar\/","url":"https:\/\/ltmstockholm.com\/karriar\/","name":"Karri\u00e4r - ltmstockholm.com","isPartOf":{"@id":"https:\/\/ltmstockholm.com\/#website"},"datePublished":"2025-08-20T12:39:14+00:00","dateModified":"2025-12-18T09:44:10+00:00","breadcrumb":{"@id":"https:\/\/ltmstockholm.com\/karriar\/#breadcrumb"},"inLanguage":"en-US","potentialAction":[{"@type":"ReadAction","target":["https:\/\/ltmstockholm.com\/karriar\/"]}]},{"@type":"BreadcrumbList","@id":"https:\/\/ltmstockholm.com\/karriar\/#breadcrumb","itemListElement":[{"@type":"ListItem","position":1,"name":"Home","item":"https:\/\/ltmstockholm.com\/"},{"@type":"ListItem","position":2,"name":"Karri\u00e4r"}]},{"@type":"WebSite","@id":"https:\/\/ltmstockholm.com\/#website","url":"https:\/\/ltmstockholm.com\/","name":"ltmstockholm.com","description":"Vissa kallar det tur, andra skicklighet men de flesta kallar oss LTM Stockholm","publisher":{"@id":"https:\/\/ltmstockholm.com\/#organization"},"potentialAction":[{"@type":"SearchAction","target":{"@type":"EntryPoint","urlTemplate":"https:\/\/ltmstockholm.com\/?s={search_term_string}"},"query-input":{"@type":"PropertyValueSpecification","valueRequired":true,"valueName":"search_term_string"}}],"inLanguage":"en-US"},{"@type":"Organization","@id":"https:\/\/ltmstockholm.com\/#organization","name":"ltmstockholm.com","url":"https:\/\/ltmstockholm.com\/","logo":{"@type":"ImageObject","inLanguage":"en-US","@id":"https:\/\/ltmstockholm.com\/#\/schema\/logo\/image\/","url":"https:\/\/ltmstockholm.com\/wp-content\/uploads\/2025\/10\/cropped-Namnlos-design-15.png","contentUrl":"https:\/\/ltmstockholm.com\/wp-content\/uploads\/2025\/10\/cropped-Namnlos-design-15.png","width":512,"height":512,"caption":"ltmstockholm.com"},"image":{"@id":"https:\/\/ltmstockholm.com\/#\/schema\/logo\/image\/"},"sameAs":["https:\/\/www.facebook.com\/ltmstockholm\/","https:\/\/www.instagram.com\/ltmstockholm\/"]}]}},"_links":{"self":[{"href":"https:\/\/ltmstockholm.com\/en\/wp-json\/wp\/v2\/pages\/231","targetHints":{"allow":["GET"]}}],"collection":[{"href":"https:\/\/ltmstockholm.com\/en\/wp-json\/wp\/v2\/pages"}],"about":[{"href":"https:\/\/ltmstockholm.com\/en\/wp-json\/wp\/v2\/types\/page"}],"author":[{"embeddable":true,"href":"https:\/\/ltmstockholm.com\/en\/wp-json\/wp\/v2\/users\/1"}],"replies":[{"embeddable":true,"href":"https:\/\/ltmstockholm.com\/en\/wp-json\/wp\/v2\/comments?post=231"}],"version-history":[{"count":256,"href":"https:\/\/ltmstockholm.com\/en\/wp-json\/wp\/v2\/pages\/231\/revisions"}],"predecessor-version":[{"id":5398,"href":"https:\/\/ltmstockholm.com\/en\/wp-json\/wp\/v2\/pages\/231\/revisions\/5398"}],"wp:attachment":[{"href":"https:\/\/ltmstockholm.com\/en\/wp-json\/wp\/v2\/media?parent=231"}],"curies":[{"name":"wp","href":"https:\/\/api.w.org\/{rel}","templated":true}]}}