{"id":2063,"date":"2025-10-09T13:27:57","date_gmt":"2025-10-09T13:27:57","guid":{"rendered":"https:\/\/ltmstockholm.com\/?page_id=2063"},"modified":"2025-10-29T17:48:02","modified_gmt":"2025-10-29T17:48:02","slug":"cookies","status":"publish","type":"page","link":"https:\/\/ltmstockholm.com\/en\/cookies\/","title":{"rendered":"Cookies"},"content":{"rendered":"<div data-elementor-type=\"wp-post\" data-elementor-id=\"2063\" class=\"elementor elementor-2063\" data-elementor-post-type=\"page\">\n\t\t\t\t<div class=\"elementor-element elementor-element-5859ebf e-flex e-con-boxed e-con e-parent\" data-id=\"5859ebf\" data-element_type=\"container\" data-settings=\"{&quot;background_background&quot;:&quot;classic&quot;}\">\n\t\t\t\t\t<div class=\"e-con-inner\">\n\t\t<div class=\"elementor-element elementor-element-7fe35af e-flex e-con-boxed e-con e-child\" data-id=\"7fe35af\" data-element_type=\"container\">\n\t\t\t\t\t<div class=\"e-con-inner\">\n\t\t\t\t<div class=\"elementor-element elementor-element-2c6a7a1 elementor-widget elementor-widget-heading\" data-id=\"2c6a7a1\" data-element_type=\"widget\" data-widget_type=\"heading.default\">\n\t\t\t\t\t<h2 class=\"elementor-heading-title elementor-size-default\">Cookies<\/h2>\t\t\t\t<\/div>\n\t\t\t\t\t<\/div>\n\t\t\t\t<\/div>\n\t\t\t\t\t<\/div>\n\t\t\t\t<\/div>\n\t\t<div class=\"elementor-element elementor-element-5cee085 e-flex e-con-boxed e-con e-parent\" data-id=\"5cee085\" data-element_type=\"container\">\n\t\t\t\t\t<div class=\"e-con-inner\">\n\t\t\t\t<div class=\"elementor-element elementor-element-484bde1 elementor-widget elementor-widget-text-editor\" data-id=\"484bde1\" data-element_type=\"widget\" data-widget_type=\"text-editor.default\">\n\t\t\t\t\t\t\t\t\t<p class=\"\" data-start=\"102\" data-end=\"367\">This policy applies to the use of cookies on the website ltmstockholm.se, operated by LTM Stockholm AB (559433-0101) (\u201cLTM Stockholm\u201d, \u201cwe\u201d, \u201cour\u201d, \u201cus\u201d). We act as the data controller for the personal data collected through the use of cookies on our website.\n\nA cookie is a small text file sent by our web server and stored on your computer or browser. Cookies are used to provide access to various website features as well as to analyze your behavior and usage of our website. We use cookies to understand how you interact with our content and to improve your experience when visiting our website(s). We may use insights from your behavior on our website(s) to display targeted advertisements on third-party websites in an effort to \u201cremarket\u201d our products and services to you.\n\nMost web browsers are set to accept cookies by default. You are not required to accept our cookies in order to visit our website. However, certain website features may be limited if you choose not to allow specific cookies.\n\nThere are two types of cookies: persistent cookies and session cookies. Persistent cookies are stored as a file on your computer for a longer period of time. These cookies have a limited lifespan. When a cookie has expired, it will either be automatically deleted or remain on your computer until manually removed, but it will no longer function. Session cookies, on the other hand, are only stored temporarily on your computer and disappear as soon as you close your browser.<\/p>\t\t\t\t\t\t\t\t<\/div>\n\t\t\t\t<div class=\"elementor-element elementor-element-bf39cb7 elementor-widget elementor-widget-heading\" data-id=\"bf39cb7\" data-element_type=\"widget\" data-widget_type=\"heading.default\">\n\t\t\t\t\t<h2 class=\"elementor-heading-title elementor-size-default\">How we use Cookies\n<\/h2>\t\t\t\t<\/div>\n\t\t\t\t<div class=\"elementor-element elementor-element-f6b7f9f elementor-widget elementor-widget-text-editor\" data-id=\"f6b7f9f\" data-element_type=\"widget\" data-widget_type=\"text-editor.default\">\n\t\t\t\t\t\t\t\t\t<p class=\"\" data-start=\"102\" data-end=\"367\">LTM Stockholm AB collects and manages data through a variety of cookies, and in some cases, these may include personal information. These cookies can be categorized as (i) necessary cookies, (ii) analytical cookies, and (iii) marketing cookies.\n\nNecessary cookies support the essential functionality of our website. This includes cookies that improve loading performance, enhance security, and remember which cookies you have consented to. We consider these cookies necessary for ensuring that everyone can interact with our website properly. For this reason, you cannot disable these cookies.\n\nWe use analytical cookies to collect statistics on the usage and traffic of our website so that we can improve it. This may include, for example, a YouTube cookie that tracks views of embedded videos and provides statistics on which videos a user has viewed. It also includes the Google Analytics cookie, which is explained in further detail below.\n\nWe use marketing cookies in order to show relevant offers and advertisements to you across different websites. This may include cookies from major social media platforms such as Google, Meta, Twitter, LinkedIn, and YouTube. Marketing cookies can also be divided into two categories: those enabling on-site targeting and those enabling retargeting.<\/p>\t\t\t\t\t\t\t\t<\/div>\n\t\t\t\t<div class=\"elementor-element elementor-element-2462c36 elementor-widget elementor-widget-heading\" data-id=\"2462c36\" data-element_type=\"widget\" data-widget_type=\"heading.default\">\n\t\t\t\t\t<h2 class=\"elementor-heading-title elementor-size-default\">Third party cookies<\/h2>\t\t\t\t<\/div>\n\t\t\t\t<div class=\"elementor-element elementor-element-b5378a6 elementor-widget elementor-widget-text-editor\" data-id=\"b5378a6\" data-element_type=\"widget\" data-widget_type=\"text-editor.default\">\n\t\t\t\t\t\t\t\t\t<p class=\"\" data-start=\"3099\" data-end=\"3418\"><span style=\"color: #000000;\">A third-party cookie is a cookie that is stored on your computer or mobile device on our behalf. These cookies may be persistent cookies or session cookies. Below are the main third-party providers that store cookies on our behalf. We may, from time to time, update these providers:<\/span><\/p><p class=\"\" data-start=\"3420\" data-end=\"3645\"><span style=\"color: #000000;\">Meta:\u00a0<a class=\"cursor-pointer\" style=\"color: #000000;\" target=\"_new\" rel=\"noopener\" data-start=\"3426\" data-end=\"3462\">https:\/\/www.meta.com\/privacy\/policy\/<\/a><\/span><br data-start=\"3462\" data-end=\"3465\" \/><span style=\"color: #000000;\">Google:\u00a0<a class=\"cursor-pointer\" style=\"color: #000000;\" target=\"_new\" rel=\"noopener\" data-start=\"3473\" data-end=\"3508\">https:\/\/policies.google.com\/privacy<\/a><\/span><br data-start=\"3508\" data-end=\"3511\" \/><span style=\"color: #000000;\">Twitter (X):\u00a0<a class=\"\" style=\"color: #000000;\" href=\"https:\/\/help.twitter.com\/en\/rules-and-policies\/twitter-cookies\" target=\"_new\" rel=\"noopener\" data-start=\"3524\" data-end=\"3586\">https:\/\/help.twitter.com\/en\/rules-and-policies\/twitter-cookies<\/a><\/span><br data-start=\"3586\" data-end=\"3589\" \/><span style=\"color: #000000;\">LinkedIn:\u00a0<a class=\"\" style=\"color: #000000;\" href=\"https:\/\/www.linkedin.com\/legal\/cookie-policy\" target=\"_new\" rel=\"noopener\" data-start=\"3599\" data-end=\"3643\">https:\/\/www.linkedin.com\/legal\/cookie-policy<\/a><\/span><\/p>\t\t\t\t\t\t\t\t<\/div>\n\t\t\t\t<div class=\"elementor-element elementor-element-1553fff elementor-widget elementor-widget-heading\" data-id=\"1553fff\" data-element_type=\"widget\" data-widget_type=\"heading.default\">\n\t\t\t\t\t<h2 class=\"elementor-heading-title elementor-size-default\">Log files<\/h2>\t\t\t\t<\/div>\n\t\t\t\t<div class=\"elementor-element elementor-element-15b487c elementor-widget elementor-widget-text-editor\" data-id=\"15b487c\" data-element_type=\"widget\" data-widget_type=\"text-editor.default\">\n\t\t\t\t\t\t\t\t\t<p class=\"\" data-start=\"1673\" data-end=\"1747\">When you visit our site, user data will be transferred from your browser and stored in log files, which include (among other things) your IP address, URL and browser. We use this information for troubleshooting purposes whenever a customer reports an error on our website, for example. These log files are deleted one month after they were created.<\/p>\t\t\t\t\t\t\t\t<\/div>\n\t\t\t\t\t<\/div>\n\t\t\t\t<\/div>\n\t\t\t\t<\/div>","protected":false},"excerpt":{"rendered":"<p>Cookies Denna policy g\u00e4ller anv\u00e4ndningen av cookies p\u00e5 webbplatsen ltmstockholm.se, som drivs av LTM Stockholm AB (559433-0101) (LTM Stockholm \u2013 vi\/oss). Vi \u00e4r personuppgiftsansvariga f\u00f6r de uppgifter som samlas in genom anv\u00e4ndningen av cookies p\u00e5 v\u00e5r webbplats. En cookie \u00e4r en liten textfil som skickas av v\u00e5r webbserver och lagras p\u00e5 din dator eller webbl\u00e4sare. [&hellip;]<\/p>","protected":false},"author":1,"featured_media":0,"parent":0,"menu_order":0,"comment_status":"closed","ping_status":"closed","template":"","meta":{"footnotes":""},"class_list":["post-2063","page","type-page","status-publish","hentry"],"yoast_head":"<!-- This site is optimized with the Yoast SEO plugin v26.2 - https:\/\/yoast.com\/wordpress\/plugins\/seo\/ -->\n<title>Cookies - ltmstockholm.com<\/title>\n<meta name=\"robots\" content=\"index, follow, max-snippet:-1, max-image-preview:large, max-video-preview:-1\" \/>\n<link rel=\"canonical\" href=\"https:\/\/ltmstockholm.com\/en\/cookies\/\" \/>\n<meta property=\"og:locale\" content=\"en_US\" \/>\n<meta property=\"og:type\" content=\"article\" \/>\n<meta property=\"og:title\" content=\"Cookies - ltmstockholm.com\" \/>\n<meta property=\"og:description\" content=\"Cookies Denna policy g\u00e4ller anv\u00e4ndningen av cookies p\u00e5 webbplatsen ltmstockholm.se, som drivs av LTM Stockholm AB (559433-0101) (LTM Stockholm \u2013 vi\/oss). Vi \u00e4r personuppgiftsansvariga f\u00f6r de uppgifter som samlas in genom anv\u00e4ndningen av cookies p\u00e5 v\u00e5r webbplats. En cookie \u00e4r en liten textfil som skickas av v\u00e5r webbserver och lagras p\u00e5 din dator eller webbl\u00e4sare. [&hellip;]\" \/>\n<meta property=\"og:url\" content=\"https:\/\/ltmstockholm.com\/en\/cookies\/\" \/>\n<meta property=\"og:site_name\" content=\"ltmstockholm.com\" \/>\n<meta property=\"article:publisher\" content=\"https:\/\/www.facebook.com\/ltmstockholm\/\" \/>\n<meta property=\"article:modified_time\" content=\"2025-10-29T17:48:02+00:00\" \/>\n<meta property=\"og:image\" content=\"https:\/\/ltmstockholm.com\/wp-content\/uploads\/2025\/10\/cropped-Namnlos-design-15.png\" \/>\n\t<meta property=\"og:image:width\" content=\"512\" \/>\n\t<meta property=\"og:image:height\" content=\"512\" \/>\n\t<meta property=\"og:image:type\" content=\"image\/png\" \/>\n<meta name=\"twitter:card\" content=\"summary_large_image\" \/>\n<meta name=\"twitter:label1\" content=\"Est. reading time\" \/>\n\t<meta name=\"twitter:data1\" content=\"3 minutes\" \/>\n<script type=\"application\/ld+json\" class=\"yoast-schema-graph\">{\"@context\":\"https:\/\/schema.org\",\"@graph\":[{\"@type\":\"WebPage\",\"@id\":\"https:\/\/ltmstockholm.com\/cookies\/\",\"url\":\"https:\/\/ltmstockholm.com\/cookies\/\",\"name\":\"Cookies - ltmstockholm.com\",\"isPartOf\":{\"@id\":\"https:\/\/ltmstockholm.com\/#website\"},\"datePublished\":\"2025-10-09T13:27:57+00:00\",\"dateModified\":\"2025-10-29T17:48:02+00:00\",\"breadcrumb\":{\"@id\":\"https:\/\/ltmstockholm.com\/cookies\/#breadcrumb\"},\"inLanguage\":\"en-US\",\"potentialAction\":[{\"@type\":\"ReadAction\",\"target\":[\"https:\/\/ltmstockholm.com\/cookies\/\"]}]},{\"@type\":\"BreadcrumbList\",\"@id\":\"https:\/\/ltmstockholm.com\/cookies\/#breadcrumb\",\"itemListElement\":[{\"@type\":\"ListItem\",\"position\":1,\"name\":\"Home\",\"item\":\"https:\/\/ltmstockholm.com\/\"},{\"@type\":\"ListItem\",\"position\":2,\"name\":\"Cookies\"}]},{\"@type\":\"WebSite\",\"@id\":\"https:\/\/ltmstockholm.com\/#website\",\"url\":\"https:\/\/ltmstockholm.com\/\",\"name\":\"ltmstockholm.com\",\"description\":\"Vissa kallar det tur, andra skicklighet men de flesta kallar oss LTM Stockholm\",\"publisher\":{\"@id\":\"https:\/\/ltmstockholm.com\/#organization\"},\"potentialAction\":[{\"@type\":\"SearchAction\",\"target\":{\"@type\":\"EntryPoint\",\"urlTemplate\":\"https:\/\/ltmstockholm.com\/?s={search_term_string}\"},\"query-input\":{\"@type\":\"PropertyValueSpecification\",\"valueRequired\":true,\"valueName\":\"search_term_string\"}}],\"inLanguage\":\"en-US\"},{\"@type\":\"Organization\",\"@id\":\"https:\/\/ltmstockholm.com\/#organization\",\"name\":\"ltmstockholm.com\",\"url\":\"https:\/\/ltmstockholm.com\/\",\"logo\":{\"@type\":\"ImageObject\",\"inLanguage\":\"en-US\",\"@id\":\"https:\/\/ltmstockholm.com\/#\/schema\/logo\/image\/\",\"url\":\"https:\/\/ltmstockholm.com\/wp-content\/uploads\/2025\/10\/cropped-Namnlos-design-15.png\",\"contentUrl\":\"https:\/\/ltmstockholm.com\/wp-content\/uploads\/2025\/10\/cropped-Namnlos-design-15.png\",\"width\":512,\"height\":512,\"caption\":\"ltmstockholm.com\"},\"image\":{\"@id\":\"https:\/\/ltmstockholm.com\/#\/schema\/logo\/image\/\"},\"sameAs\":[\"https:\/\/www.facebook.com\/ltmstockholm\/\",\"https:\/\/www.instagram.com\/ltmstockholm\/\"]}]}<\/script>\n<!-- \/ Yoast SEO plugin. -->","yoast_head_json":{"title":"Cookies - ltmstockholm.com","robots":{"index":"index","follow":"follow","max-snippet":"max-snippet:-1","max-image-preview":"max-image-preview:large","max-video-preview":"max-video-preview:-1"},"canonical":"https:\/\/ltmstockholm.com\/en\/cookies\/","og_locale":"en_US","og_type":"article","og_title":"Cookies - ltmstockholm.com","og_description":"Cookies Denna policy g\u00e4ller anv\u00e4ndningen av cookies p\u00e5 webbplatsen ltmstockholm.se, som drivs av LTM Stockholm AB (559433-0101) (LTM Stockholm \u2013 vi\/oss). Vi \u00e4r personuppgiftsansvariga f\u00f6r de uppgifter som samlas in genom anv\u00e4ndningen av cookies p\u00e5 v\u00e5r webbplats. En cookie \u00e4r en liten textfil som skickas av v\u00e5r webbserver och lagras p\u00e5 din dator eller webbl\u00e4sare. [&hellip;]","og_url":"https:\/\/ltmstockholm.com\/en\/cookies\/","og_site_name":"ltmstockholm.com","article_publisher":"https:\/\/www.facebook.com\/ltmstockholm\/","article_modified_time":"2025-10-29T17:48:02+00:00","og_image":[{"width":512,"height":512,"url":"https:\/\/ltmstockholm.com\/wp-content\/uploads\/2025\/10\/cropped-Namnlos-design-15.png","type":"image\/png"}],"twitter_card":"summary_large_image","twitter_misc":{"Est. reading time":"3 minutes"},"schema":{"@context":"https:\/\/schema.org","@graph":[{"@type":"WebPage","@id":"https:\/\/ltmstockholm.com\/cookies\/","url":"https:\/\/ltmstockholm.com\/cookies\/","name":"Cookies - ltmstockholm.com","isPartOf":{"@id":"https:\/\/ltmstockholm.com\/#website"},"datePublished":"2025-10-09T13:27:57+00:00","dateModified":"2025-10-29T17:48:02+00:00","breadcrumb":{"@id":"https:\/\/ltmstockholm.com\/cookies\/#breadcrumb"},"inLanguage":"en-US","potentialAction":[{"@type":"ReadAction","target":["https:\/\/ltmstockholm.com\/cookies\/"]}]},{"@type":"BreadcrumbList","@id":"https:\/\/ltmstockholm.com\/cookies\/#breadcrumb","itemListElement":[{"@type":"ListItem","position":1,"name":"Home","item":"https:\/\/ltmstockholm.com\/"},{"@type":"ListItem","position":2,"name":"Cookies"}]},{"@type":"WebSite","@id":"https:\/\/ltmstockholm.com\/#website","url":"https:\/\/ltmstockholm.com\/","name":"ltmstockholm.com","description":"Vissa kallar det tur, andra skicklighet men de flesta kallar oss LTM Stockholm","publisher":{"@id":"https:\/\/ltmstockholm.com\/#organization"},"potentialAction":[{"@type":"SearchAction","target":{"@type":"EntryPoint","urlTemplate":"https:\/\/ltmstockholm.com\/?s={search_term_string}"},"query-input":{"@type":"PropertyValueSpecification","valueRequired":true,"valueName":"search_term_string"}}],"inLanguage":"en-US"},{"@type":"Organization","@id":"https:\/\/ltmstockholm.com\/#organization","name":"ltmstockholm.com","url":"https:\/\/ltmstockholm.com\/","logo":{"@type":"ImageObject","inLanguage":"en-US","@id":"https:\/\/ltmstockholm.com\/#\/schema\/logo\/image\/","url":"https:\/\/ltmstockholm.com\/wp-content\/uploads\/2025\/10\/cropped-Namnlos-design-15.png","contentUrl":"https:\/\/ltmstockholm.com\/wp-content\/uploads\/2025\/10\/cropped-Namnlos-design-15.png","width":512,"height":512,"caption":"ltmstockholm.com"},"image":{"@id":"https:\/\/ltmstockholm.com\/#\/schema\/logo\/image\/"},"sameAs":["https:\/\/www.facebook.com\/ltmstockholm\/","https:\/\/www.instagram.com\/ltmstockholm\/"]}]}},"_links":{"self":[{"href":"https:\/\/ltmstockholm.com\/en\/wp-json\/wp\/v2\/pages\/2063","targetHints":{"allow":["GET"]}}],"collection":[{"href":"https:\/\/ltmstockholm.com\/en\/wp-json\/wp\/v2\/pages"}],"about":[{"href":"https:\/\/ltmstockholm.com\/en\/wp-json\/wp\/v2\/types\/page"}],"author":[{"embeddable":true,"href":"https:\/\/ltmstockholm.com\/en\/wp-json\/wp\/v2\/users\/1"}],"replies":[{"embeddable":true,"href":"https:\/\/ltmstockholm.com\/en\/wp-json\/wp\/v2\/comments?post=2063"}],"version-history":[{"count":16,"href":"https:\/\/ltmstockholm.com\/en\/wp-json\/wp\/v2\/pages\/2063\/revisions"}],"predecessor-version":[{"id":4233,"href":"https:\/\/ltmstockholm.com\/en\/wp-json\/wp\/v2\/pages\/2063\/revisions\/4233"}],"wp:attachment":[{"href":"https:\/\/ltmstockholm.com\/en\/wp-json\/wp\/v2\/media?parent=2063"}],"curies":[{"name":"wp","href":"https:\/\/api.w.org\/{rel}","templated":true}]}}