{"id":2058,"date":"2025-10-09T13:22:13","date_gmt":"2025-10-09T13:22:13","guid":{"rendered":"https:\/\/ltmstockholm.com\/?page_id=2058"},"modified":"2025-10-29T17:47:30","modified_gmt":"2025-10-29T17:47:30","slug":"integritetspolicy","status":"publish","type":"page","link":"https:\/\/ltmstockholm.com\/en\/integritetspolicy\/","title":{"rendered":"Integritetspolicy"},"content":{"rendered":"<div data-elementor-type=\"wp-post\" data-elementor-id=\"2058\" class=\"elementor elementor-2058\" data-elementor-post-type=\"page\">\n\t\t\t\t<div class=\"elementor-element elementor-element-782ebbf e-flex e-con-boxed e-con e-parent\" data-id=\"782ebbf\" data-element_type=\"container\" data-settings=\"{&quot;background_background&quot;:&quot;classic&quot;}\">\n\t\t\t\t\t<div class=\"e-con-inner\">\n\t\t<div class=\"elementor-element elementor-element-3fa3579 e-flex e-con-boxed e-con e-child\" data-id=\"3fa3579\" data-element_type=\"container\">\n\t\t\t\t\t<div class=\"e-con-inner\">\n\t\t\t\t<div class=\"elementor-element elementor-element-97a7772 elementor-widget elementor-widget-heading\" data-id=\"97a7772\" data-element_type=\"widget\" data-widget_type=\"heading.default\">\n\t\t\t\t\t<h2 class=\"elementor-heading-title elementor-size-default\">Integritetspolicy<\/h2>\t\t\t\t<\/div>\n\t\t\t\t\t<\/div>\n\t\t\t\t<\/div>\n\t\t\t\t\t<\/div>\n\t\t\t\t<\/div>\n\t\t<div class=\"elementor-element elementor-element-5cee085 e-flex e-con-boxed e-con e-parent\" data-id=\"5cee085\" data-element_type=\"container\">\n\t\t\t\t\t<div class=\"e-con-inner\">\n\t\t\t\t<div class=\"elementor-element elementor-element-484bde1 elementor-widget elementor-widget-text-editor\" data-id=\"484bde1\" data-element_type=\"widget\" data-widget_type=\"text-editor.default\">\n\t\t\t\t\t\t\t\t\t<p class=\"\" data-start=\"102\" data-end=\"367\"><strong data-start=\"102\" data-end=\"122\">At LTM Stockholm<\/strong>, available from<span style=\"color: #000000;\">\u00a0<a class=\"\" style=\"color: #000000;\" href=\"https:\/\/ltmstockholm.com\/en\/\" target=\"_new\" rel=\"noopener\" data-start=\"142\" data-end=\"167\">https:\/\/ltmstockholm.com\/<\/a>,\u00a0<\/span>One of our most important priorities is the privacy of our visitors. This privacy policy contains various types of information that is collected and recorded by LTM Stockholm and how we use it.<\/p><p class=\"\" data-start=\"369\" data-end=\"482\">Om du har ytterligare fr\u00e5gor eller beh\u00f6ver mer information om v\u00e5r integritetspolicy, tveka inte att kontakta oss.<\/p><p class=\"\" data-start=\"484\" data-end=\"891\">Denna sekretesspolicy g\u00e4ller endast v\u00e5ra onlineaktiviteter och \u00e4r giltig f\u00f6r bes\u00f6kare p\u00e5 v\u00e5r webbplats med avseende p\u00e5 informationen som de delade och\/eller samlar in i LTM Stockholm. Denna policy \u00e4r inte till\u00e4mplig p\u00e5 information som samlas in offline eller via andra kanaler \u00e4n den h\u00e4r webbplatsen.\u00a0<\/p>\t\t\t\t\t\t\t\t<\/div>\n\t\t\t\t<div class=\"elementor-element elementor-element-bf39cb7 elementor-widget elementor-widget-heading\" data-id=\"bf39cb7\" data-element_type=\"widget\" data-widget_type=\"heading.default\">\n\t\t\t\t\t<h2 class=\"elementor-heading-title elementor-size-default\">Consent\n<\/h2>\t\t\t\t<\/div>\n\t\t\t\t<div class=\"elementor-element elementor-element-f6b7f9f elementor-widget elementor-widget-text-editor\" data-id=\"f6b7f9f\" data-element_type=\"widget\" data-widget_type=\"text-editor.default\">\n\t\t\t\t\t\t\t\t\t<p class=\"\" data-start=\"102\" data-end=\"367\">By using our website, you hereby consent to our privacy policy and agree to its terms.<\/p>\t\t\t\t\t\t\t\t<\/div>\n\t\t\t\t<div class=\"elementor-element elementor-element-2462c36 elementor-widget elementor-widget-heading\" data-id=\"2462c36\" data-element_type=\"widget\" data-widget_type=\"heading.default\">\n\t\t\t\t\t<h2 class=\"elementor-heading-title elementor-size-default\">Information we collect\n<\/h2>\t\t\t\t<\/div>\n\t\t\t\t<div class=\"elementor-element elementor-element-b5378a6 elementor-widget elementor-widget-text-editor\" data-id=\"b5378a6\" data-element_type=\"widget\" data-widget_type=\"text-editor.default\">\n\t\t\t\t\t\t\t\t\t<p class=\"\" data-start=\"1056\" data-end=\"1239\">The personal information that you are asked to provide and the reasons why you are asked to provide it will be made clear to you when we ask you to provide your personal information.<\/p><p class=\"\" data-start=\"1241\" data-end=\"1470\">If you contact us directly, we may receive additional information about you such as your name, email address, telephone number, the content of the message and\/or attachments you may send us, and any other information you may choose to provide.<\/p><p class=\"\" data-start=\"1472\" data-end=\"1626\">When you register for an account, we may ask for your contact information, including items such as name, company name, address, email address, and phone number.<\/p>\t\t\t\t\t\t\t\t<\/div>\n\t\t\t\t<div class=\"elementor-element elementor-element-1553fff elementor-widget elementor-widget-heading\" data-id=\"1553fff\" data-element_type=\"widget\" data-widget_type=\"heading.default\">\n\t\t\t\t\t<h2 class=\"elementor-heading-title elementor-size-default\">How we use your information\n<\/h2>\t\t\t\t<\/div>\n\t\t\t\t<div class=\"elementor-element elementor-element-15b487c elementor-widget elementor-widget-text-editor\" data-id=\"15b487c\" data-element_type=\"widget\" data-widget_type=\"text-editor.default\">\n\t\t\t\t\t\t\t\t\t<p class=\"\" data-start=\"1673\" data-end=\"1747\">We use the information we collect in various ways, including to:<\/p><ul data-start=\"1749\" data-end=\"2265\"><li class=\"\" data-start=\"1749\" data-end=\"1803\"><p class=\"\" data-start=\"1751\" data-end=\"1803\">Provide, operate and maintain our website<\/p><\/li><li class=\"\" data-start=\"1804\" data-end=\"1852\"><p class=\"\" data-start=\"1806\" data-end=\"1852\">Improve, customize and expand our website<\/p><\/li><li class=\"\" data-start=\"1853\" data-end=\"1907\"><p class=\"\" data-start=\"1855\" data-end=\"1907\">Understand and analyze how you use our website<\/p><\/li><li class=\"\" data-start=\"1908\" data-end=\"1971\"><p class=\"\" data-start=\"1910\" data-end=\"1971\">Develop new products, services, features and functions<\/p><\/li><li class=\"\" data-start=\"1972\" data-end=\"2191\"><p class=\"\" data-start=\"1974\" data-end=\"2191\">Communicate with you, either directly or through one of our partners, including for customer service, to provide you with updates and other information relating to the website, and for marketing and advertising purposes<\/p><\/li><li class=\"\" data-start=\"2192\" data-end=\"2229\"><p class=\"\" data-start=\"2194\" data-end=\"2229\">Send you emails<\/p><\/li><li class=\"\" data-start=\"2230\" data-end=\"2265\"><p class=\"\" data-start=\"2232\" data-end=\"2265\">Find and prevent fraud<\/p><\/li><\/ul>\t\t\t\t\t\t\t\t<\/div>\n\t\t\t\t<div class=\"elementor-element elementor-element-c6daa6d elementor-widget elementor-widget-heading\" data-id=\"c6daa6d\" data-element_type=\"widget\" data-widget_type=\"heading.default\">\n\t\t\t\t\t<h2 class=\"elementor-heading-title elementor-size-default\">Log files\n<\/h2>\t\t\t\t<\/div>\n\t\t\t\t<div class=\"elementor-element elementor-element-b9d422c elementor-widget elementor-widget-text-editor\" data-id=\"b9d422c\" data-element_type=\"widget\" data-widget_type=\"text-editor.default\">\n\t\t\t\t\t\t\t\t\t<p class=\"\" data-start=\"102\" data-end=\"367\">LTM Stockholm follows a standard procedure for the use of log files. These files log visitors when they visit websites. All hosting companies do this and part of the hosting service's analytics. The information collected by log files includes IP (internet protocol) addresses, browser type, Internet Service Provider (ISP), date and time stamp, referring\/exit pages and possibly the number of clicks. These are not linked to any information that is personally identifiable. The purpose of the information is to analyze trends, administer the website, track users' movement on the website and gather demographic information.<\/p>\t\t\t\t\t\t\t\t<\/div>\n\t\t\t\t<div class=\"elementor-element elementor-element-1ee274b elementor-widget elementor-widget-heading\" data-id=\"1ee274b\" data-element_type=\"widget\" data-widget_type=\"heading.default\">\n\t\t\t\t\t<h2 class=\"elementor-heading-title elementor-size-default\">Cookies and web beacons\n<\/h2>\t\t\t\t<\/div>\n\t\t\t\t<div class=\"elementor-element elementor-element-e3c9bfa elementor-widget elementor-widget-text-editor\" data-id=\"e3c9bfa\" data-element_type=\"widget\" data-widget_type=\"text-editor.default\">\n\t\t\t\t\t\t\t\t\t<p class=\"\" data-start=\"102\" data-end=\"367\">Like all other websites, LTM Stockholm uses \u201ccookies\u201d. These cookies are used to store information including visitors\u2019 preferences and the pages on the website that the visitor visited or visited. The information is used to optimize the users\u2019 experience by customizing our web content based on visitors\u2019 browser type and\/or other information.<\/p>\t\t\t\t\t\t\t\t<\/div>\n\t\t\t\t<div class=\"elementor-element elementor-element-de0d443 elementor-widget elementor-widget-heading\" data-id=\"de0d443\" data-element_type=\"widget\" data-widget_type=\"heading.default\">\n\t\t\t\t\t<h2 class=\"elementor-heading-title elementor-size-default\">Advertising partners' privacy policies\n<\/h2>\t\t\t\t<\/div>\n\t\t\t\t<div class=\"elementor-element elementor-element-43327b3 elementor-widget elementor-widget-text-editor\" data-id=\"43327b3\" data-element_type=\"widget\" data-widget_type=\"text-editor.default\">\n\t\t\t\t\t\t\t\t\t<p class=\"\" data-start=\"3365\" data-end=\"3812\">Third-party ad servers or ad networks use technologies like cookies, JavaScript, or Web Beacons that are used in their respective advertisements and links that appear on LTM Stockholm, which are sent directly to users' browser. They automatically receive your IP address when this occurs. These technologies are used to measure the effectiveness of their advertising campaigns and\/or to personalize the advertising content you see on websites you visit.<\/p><p class=\"\" data-start=\"3814\" data-end=\"3936\">Please note that LTM Stockholm does not have access to or control over these cookies that are used by third-party advertisers.<\/p>\t\t\t\t\t\t\t\t<\/div>\n\t\t\t\t<div class=\"elementor-element elementor-element-ae01d97 elementor-widget elementor-widget-heading\" data-id=\"ae01d97\" data-element_type=\"widget\" data-widget_type=\"heading.default\">\n\t\t\t\t\t<h2 class=\"elementor-heading-title elementor-size-default\">Third-party privacy policies<\/h2>\t\t\t\t<\/div>\n\t\t\t\t<div class=\"elementor-element elementor-element-3cc69cd elementor-widget elementor-widget-text-editor\" data-id=\"3cc69cd\" data-element_type=\"widget\" data-widget_type=\"text-editor.default\">\n\t\t\t\t\t\t\t\t\t<p class=\"\" data-start=\"3984\" data-end=\"4280\">LTM Stockholm's privacy policy does not apply to other advertisers or websites. Therefore, we advise you to consult the respective privacy policies of these third-party ad servers for more detailed information. They may include their practices and instructions on how to opt out of certain options.<\/p><p class=\"\" data-start=\"4282\" data-end=\"4504\">You can choose to disable cookies through your individual browser options. If you would like more detailed information about cookie management with specific browsers, you can find it on the browsers' respective websites.<\/p>\t\t\t\t\t\t\t\t<\/div>\n\t\t\t\t<div class=\"elementor-element elementor-element-810f2ca elementor-widget elementor-widget-heading\" data-id=\"810f2ca\" data-element_type=\"widget\" data-widget_type=\"heading.default\">\n\t\t\t\t\t<h2 class=\"elementor-heading-title elementor-size-default\">CCPA Privacy Rights (Do Not Sell My Personal Information)<\/h2>\t\t\t\t<\/div>\n\t\t\t\t<div class=\"elementor-element elementor-element-fd0ebbb elementor-widget elementor-widget-text-editor\" data-id=\"fd0ebbb\" data-element_type=\"widget\" data-widget_type=\"text-editor.default\">\n\t\t\t\t\t\t\t\t\t<p class=\"\" data-start=\"4586\" data-end=\"4662\">Under the CCPA, among other rights, California consumers have the right to:<\/p><ul data-start=\"4664\" data-end=\"5041\"><li class=\"\" data-start=\"4664\" data-end=\"4829\"><p class=\"\" data-start=\"4666\" data-end=\"4829\">Request that a business that collects a consumer's personal information disclose the categories and specific personal information that a business has collected about consumers.<\/p><\/li><li class=\"\" data-start=\"4830\" data-end=\"4932\"><p class=\"\" data-start=\"4832\" data-end=\"4932\">Request that a business delete personal information about the consumer that a business has collected.<\/p><\/li><li class=\"\" data-start=\"4933\" data-end=\"5041\"><p class=\"\" data-start=\"4935\" data-end=\"5041\">Request that a company that sells the consumer's personal information not sell the consumer's personal information.<\/p><\/li><\/ul><p class=\"\" data-start=\"5043\" data-end=\"5165\">If you make a request, we have one month to respond to you. If you wish to exercise any of these rights, please contact us.<\/p>\t\t\t\t\t\t\t\t<\/div>\n\t\t\t\t\t<\/div>\n\t\t\t\t<\/div>\n\t\t\t\t<\/div>","protected":false},"excerpt":{"rendered":"<p>Integritetspolicy P\u00e5 LTM Stockholm, tillg\u00e4ngligt fr\u00e5n\u00a0https:\/\/ltmstockholm.com\/,\u00a0\u00e4r en av v\u00e5ra viktigaste prioriteringar v\u00e5ra bes\u00f6kares integritet. Denna sekretesspolicy inneh\u00e5ller olika typer av information som samlas in och registreras av LTM Stockholm och hur vi anv\u00e4nder den. Om du har ytterligare fr\u00e5gor eller beh\u00f6ver mer information om v\u00e5r integritetspolicy, tveka inte att kontakta oss. Denna sekretesspolicy g\u00e4ller endast [&hellip;]<\/p>","protected":false},"author":1,"featured_media":0,"parent":0,"menu_order":0,"comment_status":"closed","ping_status":"closed","template":"","meta":{"footnotes":""},"class_list":["post-2058","page","type-page","status-publish","hentry"],"yoast_head":"<!-- This site is optimized with the Yoast SEO plugin v26.2 - https:\/\/yoast.com\/wordpress\/plugins\/seo\/ -->\n<title>Integritetspolicy - ltmstockholm.com<\/title>\n<meta name=\"robots\" content=\"index, follow, max-snippet:-1, max-image-preview:large, max-video-preview:-1\" \/>\n<link rel=\"canonical\" href=\"https:\/\/ltmstockholm.com\/en\/integritetspolicy\/\" \/>\n<meta property=\"og:locale\" content=\"en_US\" \/>\n<meta property=\"og:type\" content=\"article\" \/>\n<meta property=\"og:title\" content=\"Integritetspolicy - ltmstockholm.com\" \/>\n<meta property=\"og:description\" content=\"Integritetspolicy P\u00e5 LTM Stockholm, tillg\u00e4ngligt fr\u00e5n\u00a0https:\/\/ltmstockholm.com\/,\u00a0\u00e4r en av v\u00e5ra viktigaste prioriteringar v\u00e5ra bes\u00f6kares integritet. Denna sekretesspolicy inneh\u00e5ller olika typer av information som samlas in och registreras av LTM Stockholm och hur vi anv\u00e4nder den. Om du har ytterligare fr\u00e5gor eller beh\u00f6ver mer information om v\u00e5r integritetspolicy, tveka inte att kontakta oss. Denna sekretesspolicy g\u00e4ller endast [&hellip;]\" \/>\n<meta property=\"og:url\" content=\"https:\/\/ltmstockholm.com\/en\/integritetspolicy\/\" \/>\n<meta property=\"og:site_name\" content=\"ltmstockholm.com\" \/>\n<meta property=\"article:publisher\" content=\"https:\/\/www.facebook.com\/ltmstockholm\/\" \/>\n<meta property=\"article:modified_time\" content=\"2025-10-29T17:47:30+00:00\" \/>\n<meta property=\"og:image\" content=\"https:\/\/ltmstockholm.com\/wp-content\/uploads\/2025\/10\/cropped-Namnlos-design-15.png\" \/>\n\t<meta property=\"og:image:width\" content=\"512\" \/>\n\t<meta property=\"og:image:height\" content=\"512\" \/>\n\t<meta property=\"og:image:type\" content=\"image\/png\" \/>\n<meta name=\"twitter:card\" content=\"summary_large_image\" \/>\n<meta name=\"twitter:label1\" content=\"Est. reading time\" \/>\n\t<meta name=\"twitter:data1\" content=\"3 minutes\" \/>\n<script type=\"application\/ld+json\" class=\"yoast-schema-graph\">{\"@context\":\"https:\/\/schema.org\",\"@graph\":[{\"@type\":\"WebPage\",\"@id\":\"https:\/\/ltmstockholm.com\/integritetspolicy\/\",\"url\":\"https:\/\/ltmstockholm.com\/integritetspolicy\/\",\"name\":\"Integritetspolicy - ltmstockholm.com\",\"isPartOf\":{\"@id\":\"https:\/\/ltmstockholm.com\/#website\"},\"datePublished\":\"2025-10-09T13:22:13+00:00\",\"dateModified\":\"2025-10-29T17:47:30+00:00\",\"breadcrumb\":{\"@id\":\"https:\/\/ltmstockholm.com\/integritetspolicy\/#breadcrumb\"},\"inLanguage\":\"en-US\",\"potentialAction\":[{\"@type\":\"ReadAction\",\"target\":[\"https:\/\/ltmstockholm.com\/integritetspolicy\/\"]}]},{\"@type\":\"BreadcrumbList\",\"@id\":\"https:\/\/ltmstockholm.com\/integritetspolicy\/#breadcrumb\",\"itemListElement\":[{\"@type\":\"ListItem\",\"position\":1,\"name\":\"Home\",\"item\":\"https:\/\/ltmstockholm.com\/\"},{\"@type\":\"ListItem\",\"position\":2,\"name\":\"Integritetspolicy\"}]},{\"@type\":\"WebSite\",\"@id\":\"https:\/\/ltmstockholm.com\/#website\",\"url\":\"https:\/\/ltmstockholm.com\/\",\"name\":\"ltmstockholm.com\",\"description\":\"Vissa kallar det tur, andra skicklighet men de flesta kallar oss LTM Stockholm\",\"publisher\":{\"@id\":\"https:\/\/ltmstockholm.com\/#organization\"},\"potentialAction\":[{\"@type\":\"SearchAction\",\"target\":{\"@type\":\"EntryPoint\",\"urlTemplate\":\"https:\/\/ltmstockholm.com\/?s={search_term_string}\"},\"query-input\":{\"@type\":\"PropertyValueSpecification\",\"valueRequired\":true,\"valueName\":\"search_term_string\"}}],\"inLanguage\":\"en-US\"},{\"@type\":\"Organization\",\"@id\":\"https:\/\/ltmstockholm.com\/#organization\",\"name\":\"ltmstockholm.com\",\"url\":\"https:\/\/ltmstockholm.com\/\",\"logo\":{\"@type\":\"ImageObject\",\"inLanguage\":\"en-US\",\"@id\":\"https:\/\/ltmstockholm.com\/#\/schema\/logo\/image\/\",\"url\":\"https:\/\/ltmstockholm.com\/wp-content\/uploads\/2025\/10\/cropped-Namnlos-design-15.png\",\"contentUrl\":\"https:\/\/ltmstockholm.com\/wp-content\/uploads\/2025\/10\/cropped-Namnlos-design-15.png\",\"width\":512,\"height\":512,\"caption\":\"ltmstockholm.com\"},\"image\":{\"@id\":\"https:\/\/ltmstockholm.com\/#\/schema\/logo\/image\/\"},\"sameAs\":[\"https:\/\/www.facebook.com\/ltmstockholm\/\",\"https:\/\/www.instagram.com\/ltmstockholm\/\"]}]}<\/script>\n<!-- \/ Yoast SEO plugin. -->","yoast_head_json":{"title":"Integritetspolicy - ltmstockholm.com","robots":{"index":"index","follow":"follow","max-snippet":"max-snippet:-1","max-image-preview":"max-image-preview:large","max-video-preview":"max-video-preview:-1"},"canonical":"https:\/\/ltmstockholm.com\/en\/integritetspolicy\/","og_locale":"en_US","og_type":"article","og_title":"Integritetspolicy - ltmstockholm.com","og_description":"Integritetspolicy P\u00e5 LTM Stockholm, tillg\u00e4ngligt fr\u00e5n\u00a0https:\/\/ltmstockholm.com\/,\u00a0\u00e4r en av v\u00e5ra viktigaste prioriteringar v\u00e5ra bes\u00f6kares integritet. Denna sekretesspolicy inneh\u00e5ller olika typer av information som samlas in och registreras av LTM Stockholm och hur vi anv\u00e4nder den. Om du har ytterligare fr\u00e5gor eller beh\u00f6ver mer information om v\u00e5r integritetspolicy, tveka inte att kontakta oss. Denna sekretesspolicy g\u00e4ller endast [&hellip;]","og_url":"https:\/\/ltmstockholm.com\/en\/integritetspolicy\/","og_site_name":"ltmstockholm.com","article_publisher":"https:\/\/www.facebook.com\/ltmstockholm\/","article_modified_time":"2025-10-29T17:47:30+00:00","og_image":[{"width":512,"height":512,"url":"https:\/\/ltmstockholm.com\/wp-content\/uploads\/2025\/10\/cropped-Namnlos-design-15.png","type":"image\/png"}],"twitter_card":"summary_large_image","twitter_misc":{"Est. reading time":"3 minutes"},"schema":{"@context":"https:\/\/schema.org","@graph":[{"@type":"WebPage","@id":"https:\/\/ltmstockholm.com\/integritetspolicy\/","url":"https:\/\/ltmstockholm.com\/integritetspolicy\/","name":"Integritetspolicy - ltmstockholm.com","isPartOf":{"@id":"https:\/\/ltmstockholm.com\/#website"},"datePublished":"2025-10-09T13:22:13+00:00","dateModified":"2025-10-29T17:47:30+00:00","breadcrumb":{"@id":"https:\/\/ltmstockholm.com\/integritetspolicy\/#breadcrumb"},"inLanguage":"en-US","potentialAction":[{"@type":"ReadAction","target":["https:\/\/ltmstockholm.com\/integritetspolicy\/"]}]},{"@type":"BreadcrumbList","@id":"https:\/\/ltmstockholm.com\/integritetspolicy\/#breadcrumb","itemListElement":[{"@type":"ListItem","position":1,"name":"Home","item":"https:\/\/ltmstockholm.com\/"},{"@type":"ListItem","position":2,"name":"Integritetspolicy"}]},{"@type":"WebSite","@id":"https:\/\/ltmstockholm.com\/#website","url":"https:\/\/ltmstockholm.com\/","name":"ltmstockholm.com","description":"Vissa kallar det tur, andra skicklighet men de flesta kallar oss LTM Stockholm","publisher":{"@id":"https:\/\/ltmstockholm.com\/#organization"},"potentialAction":[{"@type":"SearchAction","target":{"@type":"EntryPoint","urlTemplate":"https:\/\/ltmstockholm.com\/?s={search_term_string}"},"query-input":{"@type":"PropertyValueSpecification","valueRequired":true,"valueName":"search_term_string"}}],"inLanguage":"en-US"},{"@type":"Organization","@id":"https:\/\/ltmstockholm.com\/#organization","name":"ltmstockholm.com","url":"https:\/\/ltmstockholm.com\/","logo":{"@type":"ImageObject","inLanguage":"en-US","@id":"https:\/\/ltmstockholm.com\/#\/schema\/logo\/image\/","url":"https:\/\/ltmstockholm.com\/wp-content\/uploads\/2025\/10\/cropped-Namnlos-design-15.png","contentUrl":"https:\/\/ltmstockholm.com\/wp-content\/uploads\/2025\/10\/cropped-Namnlos-design-15.png","width":512,"height":512,"caption":"ltmstockholm.com"},"image":{"@id":"https:\/\/ltmstockholm.com\/#\/schema\/logo\/image\/"},"sameAs":["https:\/\/www.facebook.com\/ltmstockholm\/","https:\/\/www.instagram.com\/ltmstockholm\/"]}]}},"_links":{"self":[{"href":"https:\/\/ltmstockholm.com\/en\/wp-json\/wp\/v2\/pages\/2058","targetHints":{"allow":["GET"]}}],"collection":[{"href":"https:\/\/ltmstockholm.com\/en\/wp-json\/wp\/v2\/pages"}],"about":[{"href":"https:\/\/ltmstockholm.com\/en\/wp-json\/wp\/v2\/types\/page"}],"author":[{"embeddable":true,"href":"https:\/\/ltmstockholm.com\/en\/wp-json\/wp\/v2\/users\/1"}],"replies":[{"embeddable":true,"href":"https:\/\/ltmstockholm.com\/en\/wp-json\/wp\/v2\/comments?post=2058"}],"version-history":[{"count":19,"href":"https:\/\/ltmstockholm.com\/en\/wp-json\/wp\/v2\/pages\/2058\/revisions"}],"predecessor-version":[{"id":4229,"href":"https:\/\/ltmstockholm.com\/en\/wp-json\/wp\/v2\/pages\/2058\/revisions\/4229"}],"wp:attachment":[{"href":"https:\/\/ltmstockholm.com\/en\/wp-json\/wp\/v2\/media?parent=2058"}],"curies":[{"name":"wp","href":"https:\/\/api.w.org\/{rel}","templated":true}]}}